{"id":112352,"date":"2023-04-19T18:45:23","date_gmt":"2023-04-19T16:45:23","guid":{"rendered":"https:\/\/residenzale6a.it\/ueber-uns\/"},"modified":"2025-10-31T10:08:21","modified_gmt":"2025-10-31T09:08:21","slug":"ueber-uns","status":"publish","type":"page","link":"https:\/\/residenzale6a.it\/de\/ueber-uns\/","title":{"rendered":"Wie Sie zu uns gelangen"},"content":{"rendered":"<p>[et_pb_section fb_built=&#8220;1&#8243; module_id=&#8220;top&#8220; _builder_version=&#8220;4.20.4&#8243; _module_preset=&#8220;default&#8220; custom_padding=&#8220;0px||||false|false&#8220; global_colors_info=&#8220;{}&#8220; theme_builder_area=&#8220;post_content&#8220;][et_pb_row _builder_version=&#8220;4.20.4&#8243; _module_preset=&#8220;default&#8220; custom_padding=&#8220;0px||0px||false|false&#8220; global_colors_info=&#8220;{}&#8220; theme_builder_area=&#8220;post_content&#8220;][et_pb_column type=&#8220;4_4&#8243; _builder_version=&#8220;4.20.4&#8243; _module_preset=&#8220;default&#8220; global_colors_info=&#8220;{}&#8220; theme_builder_area=&#8220;post_content&#8220;][et_pb_text admin_label=&#8220;menu interno&#8220; _builder_version=&#8220;4.20.4&#8243; _module_preset=&#8220;default&#8220; global_colors_info=&#8220;{}&#8220; theme_builder_area=&#8220;post_content&#8220;]<\/p>\n<p><a href=\"#a-un-passo\">Nur einen Katzensprung entfernt von&#8230;<\/a> | <a href=\"#come-raggiungerci\">Anfahrt<\/a>[\/et_pb_text][\/et_pb_column][\/et_pb_row][et_pb_row column_structure=&#8220;1_2,1_2&#8243; _builder_version=&#8220;4.20.4&#8243; _module_preset=&#8220;default&#8220; global_colors_info=&#8220;{}&#8220; theme_builder_area=&#8220;post_content&#8220;][et_pb_column type=&#8220;1_2&#8243; _builder_version=&#8220;4.20.4&#8243; _module_preset=&#8220;default&#8220; global_colors_info=&#8220;{}&#8220; theme_builder_area=&#8220;post_content&#8220;][et_pb_text _builder_version=&#8220;4.20.4&#8243; _module_preset=&#8220;default&#8220; global_colors_info=&#8220;{}&#8220; theme_builder_area=&#8220;post_content&#8220;]Residenza le 6 A<br \/>\nvia S. Caterina, 7<br \/>\n34122 &#8211; Triest &#8211; Italien[\/et_pb_text][et_pb_blurb use_icon=&#8220;on&#8220; font_icon=&#8220;&#xf879;||fa||900&#8243; icon_placement=&#8220;left&#8220; image_icon_width=&#8220;24px&#8220; admin_label=&#8220;telefono&#8220; _builder_version=&#8220;4.27.4&#8243; _module_preset=&#8220;default&#8220; hover_enabled=&#8220;0&#8243; global_colors_info=&#8220;{}&#8220; theme_builder_area=&#8220;post_content&#8220; sticky_enabled=&#8220;0&#8243;]<a href=\"tel:+390402034824\">040 2034824<\/a>[\/et_pb_blurb][et_pb_blurb use_icon=&#8220;on&#8220; font_icon=&#8220;&#xe076;||divi||400&#8243; icon_placement=&#8220;left&#8220; image_icon_width=&#8220;24px&#8220; admin_label=&#8220;email&#8220; _builder_version=&#8220;4.27.4&#8243; _module_preset=&#8220;default&#8220; global_colors_info=&#8220;{}&#8220; theme_builder_area=&#8220;post_content&#8220;]<\/p>\n<p><a href=\"mailto:info@residenzale6a.it\">info@residenzale6a.it<\/a><\/p>\n<p>[\/et_pb_blurb][et_pb_blurb use_icon=&#8220;on&#8220; font_icon=&#8220;&#xf40c;||fa||400&#8243; icon_placement=&#8220;left&#8220; image_icon_width=&#8220;28px&#8220; admin_label=&#8220;email&#8220; _builder_version=&#8220;4.27.4&#8243; _module_preset=&#8220;default&#8220; global_colors_info=&#8220;{}&#8220; theme_builder_area=&#8220;post_content&#8220;]<a href=\"https:\/\/wa.me\/393480506313?text=Contatto-dal-sito:\">WhatsApp<\/a>[\/et_pb_blurb][et_pb_text _builder_version=&#8220;4.27.0&#8243; _module_preset=&#8220;default&#8220; text_font_size=&#8220;14px&#8220; global_colors_info=&#8220;{}&#8220; theme_builder_area=&#8220;post_content&#8220;]IBAN: IT69T0634002210100000140142[\/et_pb_text][et_pb_text _builder_version=&#8220;4.27.0&#8243; _module_preset=&#8220;default&#8220; text_font_size=&#8220;14px&#8220; global_colors_info=&#8220;{}&#8220; theme_builder_area=&#8220;post_content&#8220;]<\/p>\n<p>CIN Residenza Le 6A: IT032006B4ELRS3DAH<br \/>CIN La Settima A: IT032006B4FEUP44IR<\/p>\n<p>[\/et_pb_text][\/et_pb_column][et_pb_column type=&#8220;1_2&#8243; _builder_version=&#8220;4.20.4&#8243; _module_preset=&#8220;default&#8220; global_colors_info=&#8220;{}&#8220; theme_builder_area=&#8220;post_content&#8220;][et_pb_text disabled_on=&#8220;off|off|off&#8220; _builder_version=&#8220;4.27.0&#8243; _module_preset=&#8220;default&#8220; text_font=&#8220;Georgia||||||||&#8220; ul_line_height=&#8220;1.7em&#8220; background_color=&#8220;#f9f9f4&#8243; background_image=&#8220;https:\/\/residenzale6a.it\/wp-content\/uploads\/2023\/03\/sfondo_bianco.png&#8220; width_tablet=&#8220;80%&#8220; width_phone=&#8220;80%&#8220; width_last_edited=&#8220;off|desktop&#8220; module_alignment=&#8220;center&#8220; custom_padding=&#8220;20px|20px|20px|20px|false|false&#8220; global_colors_info=&#8220;{}&#8220; theme_builder_area=&#8220;post_content&#8220;]<iframe loading=\"lazy\" src=\"https:\/\/www.google.com\/maps\/embed?pb=!1m18!1m12!1m3!1d2789.0101470083737!2d13.772467315563691!3d45.65061797910359!2m3!1f0!2f0!3f0!3m2!1i1024!2i768!4f13.1!3m3!1m2!1s0x477b6b72ed870f5b%3A0x8596070b39f857e7!2sRESIDENZA+LE+6A!5e0!3m2!1sit!2sit!4v1444736512776\" width=\"800\" height=\"600\" frameborder=\"0\" style=\"border:0\" allowfullscreen=\"\"><\/iframe>[\/et_pb_text][\/et_pb_column][\/et_pb_row][\/et_pb_section][et_pb_section fb_built=&#8220;1&#8243; module_id=&#8220;a-un-passo&#8220; _builder_version=&#8220;4.20.4&#8243; _module_preset=&#8220;default&#8220; global_colors_info=&#8220;{}&#8220; theme_builder_area=&#8220;post_content&#8220;][et_pb_row _builder_version=&#8220;4.20.4&#8243; _module_preset=&#8220;default&#8220; custom_padding=&#8220;0px||||false|false&#8220; global_colors_info=&#8220;{}&#8220; theme_builder_area=&#8220;post_content&#8220;][et_pb_column type=&#8220;4_4&#8243; _builder_version=&#8220;4.20.2&#8243; _module_preset=&#8220;default&#8220; global_colors_info=&#8220;{}&#8220; theme_builder_area=&#8220;post_content&#8220;][et_pb_text admin_label=&#8220;A un passo da &#8230;&#8220; _builder_version=&#8220;4.20.4&#8243; _module_preset=&#8220;default&#8220; header_2_text_align=&#8220;center&#8220; background_color=&#8220;#FFFFFF&#8220; module_alignment=&#8220;center&#8220; border_radii=&#8220;on|5px|5px|5px|5px&#8220; global_colors_info=&#8220;{}&#8220; theme_builder_area=&#8220;post_content&#8220;]<\/p>\n<h2>Nur einen Katzensprung entfernt von &#8230;<\/h2>\n<p>[\/et_pb_text][dica_divi_carousel loop=&#8220;on&#8220; arrow_nav=&#8220;on&#8220; dot_nav=&#8220;on&#8220; equal_height=&#8220;on&#8220; advanced_effect=&#8220;1&#8243; arrow_nav_color=&#8220;#00544d&#8220; dots_active_color=&#8220;#00544d&#8220; overlay_color_field_bgcolor=&#8220;rgba(255,255,255,0.85)&#8220; _builder_version=&#8220;4.21.0&#8243; _module_preset=&#8220;default&#8220; title_line_height=&#8220;1.3em&#8220; global_colors_info=&#8220;{}&#8220; theme_builder_area=&#8220;post_content&#8220;][dica_divi_carouselitem title=&#8220;Piazza della Repubblica&#8220; button_url_new_window=&#8220;1&#8243; image=&#8220;https:\/\/residenzale6a.it\/wp-content\/uploads\/2023\/04\/piazza-repubblica-quadrata.jpg&#8220; _builder_version=&#8220;4.21.0&#8243; _module_preset=&#8220;default&#8220; filter_brightness=&#8220;148%&#8220; global_colors_info=&#8220;{}&#8220; theme_builder_area=&#8220;post_content&#8220;][\/dica_divi_carouselitem][dica_divi_carouselitem title=&#8220;Piazza Sant\u2019Antonio Nuovo &#8220; sub_title=&#8220;und Canale Grande di Ponterosso&#8220; button_url_new_window=&#8220;1&#8243; image=&#8220;https:\/\/residenzale6a.it\/wp-content\/uploads\/2023\/04\/Canale-Grande-Trieste.jpg&#8220; _builder_version=&#8220;4.21.0&#8243; _module_preset=&#8220;default&#8220; global_colors_info=&#8220;{}&#8220; theme_builder_area=&#8220;post_content&#8220;][\/dica_divi_carouselitem][dica_divi_carouselitem title=&#8220;Bahnhof&#8220; button_url_new_window=&#8220;1&#8243; image=&#8220;https:\/\/residenzale6a.it\/wp-content\/uploads\/2023\/04\/Stazione-Centrale-Trieste.jpg&#8220; _builder_version=&#8220;4.21.0&#8243; _module_preset=&#8220;default&#8220; global_colors_info=&#8220;{}&#8220; theme_builder_area=&#8220;post_content&#8220;][\/dica_divi_carouselitem][dica_divi_carouselitem title=&#8220;Piazza dell\u2019Unit\u00e0 d\u2019Italia&#8220; button_url_new_window=&#8220;1&#8243; image=&#8220;https:\/\/residenzale6a.it\/wp-content\/uploads\/2023\/04\/Piazza-Unita.jpg&#8220; _builder_version=&#8220;4.21.0&#8243; _module_preset=&#8220;default&#8220; global_colors_info=&#8220;{}&#8220; theme_builder_area=&#8220;post_content&#8220;][\/dica_divi_carouselitem][dica_divi_carouselitem title=&#8220;Theaterhaus \u201eGiuseppe Verdi\u201c&#8220; button_url_new_window=&#8220;1&#8243; image=&#8220;https:\/\/residenzale6a.it\/wp-content\/uploads\/2023\/04\/Teatro-Verdi-Trieste.jpg&#8220; _builder_version=&#8220;4.21.0&#8243; _module_preset=&#8220;default&#8220; global_colors_info=&#8220;{}&#8220; theme_builder_area=&#8220;post_content&#8220;][\/dica_divi_carouselitem][dica_divi_carouselitem title=&#8220;Hafenanlagen und Molo Audace&#8220; button_url_new_window=&#8220;1&#8243; image=&#8220;https:\/\/residenzale6a.it\/wp-content\/uploads\/2023\/04\/Trieste-panorama-e1682873991745.jpg&#8220; _builder_version=&#8220;4.21.0&#8243; _module_preset=&#8220;default&#8220; global_colors_info=&#8220;{}&#8220; theme_builder_area=&#8220;post_content&#8220;][\/dica_divi_carouselitem][dica_divi_carouselitem title=&#8220;Stadth\u00fcgel San Giusto &#8220; sub_title=&#8220;Kastell, Kathedrale, Parco della Rimembranza&#8220; button_url_new_window=&#8220;1&#8243; image=&#8220;https:\/\/residenzale6a.it\/wp-content\/uploads\/2023\/04\/San-Giusto-Trieste.jpg&#8220; _builder_version=&#8220;4.21.0&#8243; _module_preset=&#8220;default&#8220; global_colors_info=&#8220;{}&#8220; theme_builder_area=&#8220;post_content&#8220;][\/dica_divi_carouselitem][\/dica_divi_carousel][\/et_pb_column][\/et_pb_row][\/et_pb_section][et_pb_section fb_built=&#8220;1&#8243; module_id=&#8220;come-raggiungerci&#8220; _builder_version=&#8220;4.20.4&#8243; _module_preset=&#8220;default&#8220; background_color=&#8220;#f9f9f4&#8243; background_image=&#8220;https:\/\/residenzale6a.it\/wp-content\/uploads\/2023\/03\/sfondo_bianco.png&#8220; global_colors_info=&#8220;{}&#8220; theme_builder_area=&#8220;post_content&#8220;][et_pb_row _builder_version=&#8220;4.20.4&#8243; _module_preset=&#8220;default&#8220; custom_padding=&#8220;0px||||false|false&#8220; global_colors_info=&#8220;{}&#8220; theme_builder_area=&#8220;post_content&#8220;][et_pb_column type=&#8220;4_4&#8243; _builder_version=&#8220;4.20.2&#8243; _module_preset=&#8220;default&#8220; global_colors_info=&#8220;{}&#8220; theme_builder_area=&#8220;post_content&#8220;][et_pb_text _builder_version=&#8220;4.20.4&#8243; _module_preset=&#8220;default&#8220; global_colors_info=&#8220;{}&#8220; theme_builder_area=&#8220;post_content&#8220;]<\/p>\n<h2>Anreise<\/h2>\n<p>[\/et_pb_text][et_pb_toggle title=&#8220;Mit dem Zug&#8220; open_toggle_text_color=&#8220;#34545a&#8220; open_toggle_background_color=&#8220;#FFFFFF&#8220; closed_toggle_background_color=&#8220;#FFFFFF&#8220; icon_color=&#8220;#00544d&#8220; open_icon_color=&#8220;#00544d&#8220; _builder_version=&#8220;4.20.4&#8243; _module_preset=&#8220;default&#8220; title_text_color=&#8220;#34545a&#8220; title_font_size=&#8220;18px&#8220; background_color=&#8220;#f9f9f4&#8243; border_width_all=&#8220;0px&#8220; border_color_all=&#8220;#00544d&#8220; global_colors_info=&#8220;{}&#8220; theme_builder_area=&#8220;post_content&#8220;]Triest ist nur 2 Bahnstunden von Venedig entfernt und t\u00e4glich bestehen zahlreiche Zugverbindungen in regelm\u00e4\u00dfigen Abst\u00e4nden. Genauere Fahrplanausk\u00fcnfte unter <a href=\"https:\/\/www.trenitalia.it\" target=\"_blank\" rel=\"noopener noreferrer\">www.trenitalia.it<\/a><\/p>\n<p>Die Residenza le 6 A ist vom Bahnhof zu Fu\u00df zu erreichen (ca. 10 Minuten); man kann aber auch ein Taxi nehmen.[\/et_pb_toggle][et_pb_toggle title=&#8220;Mit dem Auto&#8220; open_toggle_text_color=&#8220;#34545a&#8220; open_toggle_background_color=&#8220;#FFFFFF&#8220; closed_toggle_background_color=&#8220;#FFFFFF&#8220; icon_color=&#8220;#00544d&#8220; open_icon_color=&#8220;#00544d&#8220; _builder_version=&#8220;4.20.4&#8243; _module_preset=&#8220;default&#8220; title_text_color=&#8220;#34545a&#8220; title_font_size=&#8220;18px&#8220; background_color=&#8220;#f9f9f4&#8243; border_width_all=&#8220;0px&#8220; border_color_all=&#8220;#00544d&#8220; global_colors_info=&#8220;{}&#8220; theme_builder_area=&#8220;post_content&#8220;]Triest ist \u00fcber die Autobahn A4 Turin-Triest mit dem Rest Italiens verbunden.<\/p>\n<p>Nach dem Ende der Autobahn (LISERT) bis zur Ausfahrt \u201ePROSECCO \u2013 Trieste Centro\u201c (Strada Nuova per Opicina) fahren, dann weiter in Richtung Villa Opicina und dann nach Trieste Centro (Stadtzentrum).<\/p>\n<p>Residenza le 6 A empfiehlt Ihnen das Parkhaus Park S. Giusto, in der Via del Teatro Romano, 16, das 5 Gehminuten entfernt ist. Rund um die Uhr ge\u00f6ffnet und mit verg\u00fcnstigtem Preis.[\/et_pb_toggle][et_pb_toggle title=&#8220;Mit dem Flugzeug&#8220; open_toggle_text_color=&#8220;#34545a&#8220; open_toggle_background_color=&#8220;#FFFFFF&#8220; closed_toggle_background_color=&#8220;#FFFFFF&#8220; icon_color=&#8220;#00544d&#8220; open_icon_color=&#8220;#00544d&#8220; _builder_version=&#8220;4.20.4&#8243; _module_preset=&#8220;default&#8220; title_text_color=&#8220;#34545a&#8220; title_font_size=&#8220;18px&#8220; background_color=&#8220;#f9f9f4&#8243; border_width_all=&#8220;0px&#8220; border_color_all=&#8220;#00544d&#8220; global_colors_info=&#8220;{}&#8220; theme_builder_area=&#8220;post_content&#8220;]Der Regionale Flughafen Triest befindet sich in Ronchi dei Legionari und ist 40 km von Triest entfernt.<\/p>\n<p>Dank <a href=\"https:\/\/triesteairport.it\/it\/airport\/polo-intermodale\/\" rel=\"noopener noreferrer\" target=\"_blank\">intermodalem Knotenpunkt<\/a> ist es von hier aus m\u00f6glich, mit dem Zug, Bus oder Minivan-Taxi in die Stadt zu gelangen.[\/et_pb_toggle][\/et_pb_column][\/et_pb_row][\/et_pb_section]<\/p>\n","protected":false},"excerpt":{"rendered":"<p>Nur einen Katzensprung entfernt von Canal Grande und &#8230;<\/p>\n","protected":false},"author":1,"featured_media":111413,"parent":0,"menu_order":0,"comment_status":"closed","ping_status":"closed","template":"","meta":{"_et_pb_use_builder":"on","_et_pb_old_content":"","_et_gb_content_width":"","footnotes":""},"class_list":["post-112352","page","type-page","status-publish","has-post-thumbnail","hentry"],"_links":{"self":[{"href":"https:\/\/residenzale6a.it\/de\/wp-json\/wp\/v2\/pages\/112352","targetHints":{"allow":["GET"]}}],"collection":[{"href":"https:\/\/residenzale6a.it\/de\/wp-json\/wp\/v2\/pages"}],"about":[{"href":"https:\/\/residenzale6a.it\/de\/wp-json\/wp\/v2\/types\/page"}],"author":[{"embeddable":true,"href":"https:\/\/residenzale6a.it\/de\/wp-json\/wp\/v2\/users\/1"}],"replies":[{"embeddable":true,"href":"https:\/\/residenzale6a.it\/de\/wp-json\/wp\/v2\/comments?post=112352"}],"version-history":[{"count":23,"href":"https:\/\/residenzale6a.it\/de\/wp-json\/wp\/v2\/pages\/112352\/revisions"}],"predecessor-version":[{"id":114266,"href":"https:\/\/residenzale6a.it\/de\/wp-json\/wp\/v2\/pages\/112352\/revisions\/114266"}],"wp:featuredmedia":[{"embeddable":true,"href":"https:\/\/residenzale6a.it\/de\/wp-json\/wp\/v2\/media\/111413"}],"wp:attachment":[{"href":"https:\/\/residenzale6a.it\/de\/wp-json\/wp\/v2\/media?parent=112352"}],"curies":[{"name":"wp","href":"https:\/\/api.w.org\/{rel}","templated":true}]}}