{"id":112417,"date":"2023-04-23T12:33:15","date_gmt":"2023-04-23T10:33:15","guid":{"rendered":"https:\/\/residenzale6a.it\/datenschutzerklaerung\/"},"modified":"2023-05-09T15:53:39","modified_gmt":"2023-05-09T13:53:39","slug":"datenschutzerklaerung","status":"publish","type":"page","link":"https:\/\/residenzale6a.it\/de\/datenschutzerklaerung\/","title":{"rendered":"Datenschutzerkl\u00e4rung"},"content":{"rendered":"<p>[et_pb_section fb_built=&#8220;1&#8243; admin_label=&#8220;section&#8220; _builder_version=&#8220;4.16&#8243; global_colors_info=&#8220;{}&#8220; theme_builder_area=&#8220;post_content&#8220;][et_pb_row column_structure=&#8220;1_2,1_2&#8243; admin_label=&#8220;row&#8220; _builder_version=&#8220;4.20.4&#8243; background_size=&#8220;initial&#8220; background_position=&#8220;top_left&#8220; background_repeat=&#8220;repeat&#8220; hover_enabled=&#8220;0&#8243; global_colors_info=&#8220;{}&#8220; theme_builder_area=&#8220;post_content&#8220; width=&#8220;100%&#8220; sticky_enabled=&#8220;0&#8243;][et_pb_column type=&#8220;1_2&#8243; _builder_version=&#8220;4.16&#8243; custom_padding=&#8220;|||&#8220; global_colors_info=&#8220;{}&#8220; custom_padding__hover=&#8220;|||&#8220; theme_builder_area=&#8220;post_content&#8220;][et_pb_text admin_label=&#8220;Privacy&#8220; module_id=&#8220;Privacy&#8220; _builder_version=&#8220;4.20.4&#8243; background_size=&#8220;initial&#8220; background_position=&#8220;top_left&#8220; background_repeat=&#8220;repeat&#8220; text_orientation=&#8220;justified&#8220; use_border_color=&#8220;off&#8220; global_colors_info=&#8220;{}&#8220; theme_builder_area=&#8220;post_content&#8220;]<\/p>\n<h2>Informationen zum Datenschutz<\/h2>\n<p>LDie Angaben zu Ihrer Person werden f\u00fcr die Bearbeitung Ihrer Anfrage und aller daran anschlie\u00dfenden Kommunikationen manuell und rechnergest\u00fctzt verarbeitet.<br \/>\nDetaillierte Informationen unter folgendem Link:<\/p>\n<p><a href=\"https:\/\/www.iubenda.com\/privacy-policy\/8118222\" target=\"_blank\" rel=\"noopener\">Datenschutzerkl\u00e4rung<\/a>[\/et_pb_text][\/et_pb_column][et_pb_column type=&#8220;1_2&#8243; _builder_version=&#8220;4.16&#8243; custom_padding=&#8220;|||&#8220; global_colors_info=&#8220;{}&#8220; custom_padding__hover=&#8220;|||&#8220; theme_builder_area=&#8220;post_content&#8220;][et_pb_text admin_label=&#8220;Cookie&#8220; module_id=&#8220;Cookie&#8220; _builder_version=&#8220;4.18.0&#8243; background_size=&#8220;initial&#8220; background_position=&#8220;top_left&#8220; background_repeat=&#8220;repeat&#8220; text_orientation=&#8220;justified&#8220; use_border_color=&#8220;off&#8220; global_colors_info=&#8220;{}&#8220; theme_builder_area=&#8220;post_content&#8220;]<\/p>\n<h2>Cookies<\/h2>\n<p>Wir und ausgew\u00e4hlte Dritte setzen f\u00fcr technische Zwecke und, mit Ihrer Einwilligung, f\u00fcr andere Zwecke (\u201everbesserte Nutzererfahrung\u201c und \u201eErfolgsmessung\u201c) Cookies und \u00e4hnliche Technologien ein, so wie in der Cookie-Richtlinie beschrieben.<\/p>\n<blockquote>\n<p>Ihre Einwilligung k\u00f6nnen Sie jederzeit erteilen, verweigern oder widerrufen (Cookie-Schaltfl\u00e4che).<\/p>\n<\/blockquote>\n<p><a class=\"iubenda-cs-preferences-link\" href=\"#\">Ihre Einwilligungseinstellungen<\/a><\/p>\n<p>Detaillierte Informationen unter folgendem Link:<br \/><a href=\"https:\/\/www.iubenda.com\/privacy-policy\/8118222\/cookie-policy\" target=\"_blank\" rel=\"noopener\">Erweiterte Cookie-Richtlinie<\/a><\/p>\n<p>[\/et_pb_text][et_pb_text disabled_on=&#8220;on|on|on&#8220; admin_label=&#8220;Cookie&#8220; module_id=&#8220;Cookie&#8220; _builder_version=&#8220;4.16&#8243; background_size=&#8220;initial&#8220; background_position=&#8220;top_left&#8220; background_repeat=&#8220;repeat&#8220; text_orientation=&#8220;justified&#8220; use_border_color=&#8220;off&#8220; border_color=&#8220;#ffffff&#8220; border_style=&#8220;solid&#8220; disabled=&#8220;on&#8220; global_colors_info=&#8220;{}&#8220; theme_builder_area=&#8220;post_content&#8220;]<\/p>\n<h2>Cookies<\/h2>\n<p>Navigando su questo sito si accetta che vengano installati i cookie, file di testo che vengono salvati sul disco rigido del computer. Questo sito utilizza i cookie per migliorare l&#8217;esperienza di navigazione dell&#8217;utente e per la raccolta di dati statistici anonimi attraverso Google Analytics (<a href=\"http:\/\/www.google.com\/intl\/it\/policies\/privacy\/\">Google Privacy Policy<\/a>).<\/p>\n<p> Il nostro scopo \u00e8 misurare il traffico per valutare e migliorare le prestazioni del sito. Non utilizziamo i cookie per profilare gli utenti n\u00e9 per inviare loro pubblicit\u00e0 mirata. Utilizziamo i seguenti servizi esterni: Google+, YouTube, Google Maps (Google Inc, USA) &#8211; <a href=\"http:\/\/www.google.com\/intl\/it\/policies\/privacy\/\">Google Privacy Policy<\/a> <\/p>\n<p>Facebook (Facebook Inc, USA)&nbsp;&#8211; <a href=\"http:\/\/www.facebook.com\/privacy\/explanation.php\" target=\"_blank\" rel=\"noopener\">Facebook Privacy Policy<\/a><br \/>\nTripAdvisor (TripAdvisor LLC, USA) &#8211; <a href=\"http:\/\/www.tripadvisor.it\/pages\/privacy.html\">Dichiarazione sulla privacy<\/a><br \/>\ntrivago &#8211; <a href=\"http:\/\/www.trivago.it\/static\/corporate\/privacy_policy\">Politica sulla privacy<\/a><br \/>\nAgenzia Turismo Friuli Venezia Giulia &#8211; <a href=\"http:\/\/www.turismofvg.it\/cookie-policy\">Cookies<\/a><\/p>\n<p>E&#8216; possibile, seguendo le istruzioni del proprio browser, rimuovere i cookie o rifiutare a priori l&#8217;installazione degli stessi sul proprio disco rigido.<br \/>\n[\/et_pb_text][\/et_pb_column][\/et_pb_row][\/et_pb_section]<\/p>\n","protected":false},"excerpt":{"rendered":"<p>Informationen zum Datenschutz LDie Angaben zu Ihrer Person werden f\u00fcr die Bearbeitung Ihrer Anfrage und aller daran anschlie\u00dfenden Kommunikationen manuell und rechnergest\u00fctzt verarbeitet. Detaillierte Informationen unter folgendem Link: Datenschutzerkl\u00e4rungCookies Wir und ausgew\u00e4hlte Dritte setzen f\u00fcr technische Zwecke und, mit Ihrer Einwilligung, f\u00fcr andere Zwecke (\u201everbesserte Nutzererfahrung\u201c und \u201eErfolgsmessung\u201c) Cookies und \u00e4hnliche Technologien ein, so wie [&hellip;]<\/p>\n","protected":false},"author":1,"featured_media":0,"parent":0,"menu_order":0,"comment_status":"closed","ping_status":"closed","template":"","meta":{"_et_pb_use_builder":"on","_et_pb_old_content":"","_et_gb_content_width":"","footnotes":""},"class_list":["post-112417","page","type-page","status-publish","hentry"],"_links":{"self":[{"href":"https:\/\/residenzale6a.it\/de\/wp-json\/wp\/v2\/pages\/112417","targetHints":{"allow":["GET"]}}],"collection":[{"href":"https:\/\/residenzale6a.it\/de\/wp-json\/wp\/v2\/pages"}],"about":[{"href":"https:\/\/residenzale6a.it\/de\/wp-json\/wp\/v2\/types\/page"}],"author":[{"embeddable":true,"href":"https:\/\/residenzale6a.it\/de\/wp-json\/wp\/v2\/users\/1"}],"replies":[{"embeddable":true,"href":"https:\/\/residenzale6a.it\/de\/wp-json\/wp\/v2\/comments?post=112417"}],"version-history":[{"count":2,"href":"https:\/\/residenzale6a.it\/de\/wp-json\/wp\/v2\/pages\/112417\/revisions"}],"predecessor-version":[{"id":112419,"href":"https:\/\/residenzale6a.it\/de\/wp-json\/wp\/v2\/pages\/112417\/revisions\/112419"}],"wp:attachment":[{"href":"https:\/\/residenzale6a.it\/de\/wp-json\/wp\/v2\/media?parent=112417"}],"curies":[{"name":"wp","href":"https:\/\/api.w.org\/{rel}","templated":true}]}}