{"id":112432,"date":"2023-04-20T17:39:14","date_gmt":"2023-04-20T15:39:14","guid":{"rendered":"https:\/\/residenzale6a.it\/triest\/"},"modified":"2023-11-05T18:08:28","modified_gmt":"2023-11-05T17:08:28","slug":"triest","status":"publish","type":"page","link":"https:\/\/residenzale6a.it\/de\/triest\/","title":{"rendered":"Triest"},"content":{"rendered":"<p>[et_pb_section fb_built=&#8220;1&#8243; module_id=&#8220;top&#8220; _builder_version=&#8220;4.20.4&#8243; _module_preset=&#8220;default&#8220; custom_padding=&#8220;0px||||false|false&#8220; global_colors_info=&#8220;{}&#8220; theme_builder_area=&#8220;post_content&#8220;][et_pb_row disabled_on=&#8220;on|on|on&#8220; _builder_version=&#8220;4.20.4&#8243; _module_preset=&#8220;default&#8220; custom_padding=&#8220;0px||0px||false|false&#8220; disabled=&#8220;on&#8220; global_colors_info=&#8220;{}&#8220; theme_builder_area=&#8220;post_content&#8220;][et_pb_column type=&#8220;4_4&#8243; _builder_version=&#8220;4.20.4&#8243; _module_preset=&#8220;default&#8220; global_colors_info=&#8220;{}&#8220; theme_builder_area=&#8220;post_content&#8220;][et_pb_text admin_label=&#8220;menu interno&#8220; _builder_version=&#8220;4.20.4&#8243; _module_preset=&#8220;default&#8220; global_colors_info=&#8220;{}&#8220; theme_builder_area=&#8220;post_content&#8220;]<\/p>\n<p><a href=\"#\">An einem Wochenende<\/a> | <a href=\"#\">Svevo\u2019s Triest | Das Triest von Joyce | Triest und Kaffee | Romantisches Triest<\/a>[\/et_pb_text][\/et_pb_column][\/et_pb_row][et_pb_row _builder_version=&#8220;4.20.4&#8243; _module_preset=&#8220;default&#8220; global_colors_info=&#8220;{}&#8220; theme_builder_area=&#8220;post_content&#8220;][et_pb_column type=&#8220;4_4&#8243; _builder_version=&#8220;4.20.4&#8243; _module_preset=&#8220;default&#8220; global_colors_info=&#8220;{}&#8220; theme_builder_area=&#8220;post_content&#8220;][et_pb_text _builder_version=&#8220;4.21.0&#8243; _module_preset=&#8220;default&#8220; global_colors_info=&#8220;{}&#8220; theme_builder_area=&#8220;post_content&#8220;]<\/p>\n<p>Eine facettenreiche Stadt, Schmelztiegel von V\u00f6lkern und Kulturen, die hier immer in Harmonie zusammengelebt haben.<\/p>\n<p>Eine Stadt, umgeben vom Meer und von der Karst-Region, wo Sie jene die widerspenstige Sch\u00f6nheit genie\u00dfen k\u00f6nnen, die der Triester Dichter Umberto Saba so sehr liebte.<\/p>\n<p>[\/et_pb_text][dica_divi_carousel show_items_desktop=&#8220;3&#8243; show_items_tablet=&#8220;2&#8243; loop=&#8220;on&#8220; arrow_nav=&#8220;on&#8220; dot_nav=&#8220;on&#8220; item_vertical_align=&#8220;center&#8220; advanced_effect=&#8220;1&#8243; arrow_nav_color=&#8220;#00544d&#8220; arrow_bg_color=&#8220;rgba(255,255,255,0.5)&#8220; dots_active_color=&#8220;#732002&#8243; content_container_padding=&#8220;10px||||false|false&#8220; _builder_version=&#8220;4.22.2&#8243; _module_preset=&#8220;default&#8220; title_text_align=&#8220;center&#8220; title_font_size=&#8220;17px&#8220; hover_enabled=&#8220;0&#8243; global_module=&#8220;110852&#8243; saved_tabs=&#8220;all&#8220; global_colors_info=&#8220;{}&#8220; theme_builder_area=&#8220;post_content&#8220; sticky_enabled=&#8220;0&#8243;][dica_divi_carouselitem title=&#8220;An einem Wochenende&#8220; button_url_new_window=&#8220;1&#8243; image=&#8220;https:\/\/residenzale6a.it\/wp-content\/uploads\/2023\/04\/Grotta-Gigante-Trieste.jpg&#8220; _builder_version=&#8220;4.21.0&#8243; _module_preset=&#8220;default&#8220; link_option_url=&#8220;https:\/\/residenzale6a.it\/de\/triest\/an-einem-wochenende\/&#8220; global_colors_info=&#8220;{}&#8220; theme_builder_area=&#8220;post_content&#8220;][\/dica_divi_carouselitem][dica_divi_carouselitem title=&#8220;Svevo\u2019s Triest&#8220; button_url_new_window=&#8220;1&#8243; image=&#8220;https:\/\/residenzale6a.it\/wp-content\/uploads\/2023\/03\/svevo.jpg&#8220; _builder_version=&#8220;4.21.0&#8243; _module_preset=&#8220;default&#8220; link_option_url=&#8220;https:\/\/residenzale6a.it\/de\/triest\/svevos-triest\/&#8220; global_colors_info=&#8220;{}&#8220; theme_builder_area=&#8220;post_content&#8220;][\/dica_divi_carouselitem][dica_divi_carouselitem title=&#8220;Das Triest von Joyce&#8220; button_url_new_window=&#8220;1&#8243; image=&#8220;https:\/\/residenzale6a.it\/wp-content\/uploads\/2023\/04\/Joyce-back.jpg&#8220; _builder_version=&#8220;4.21.0&#8243; _module_preset=&#8220;default&#8220; link_option_url=&#8220;https:\/\/residenzale6a.it\/de\/triest\/das-triest-von-joyce\/&#8220; global_colors_info=&#8220;{}&#8220; theme_builder_area=&#8220;post_content&#8220;][\/dica_divi_carouselitem][dica_divi_carouselitem title=&#8220;Triest und Kaffee&#8220; button_url_new_window=&#8220;1&#8243; image=&#8220;https:\/\/residenzale6a.it\/wp-content\/uploads\/2023\/04\/Trieste-caffe.jpg&#8220; _builder_version=&#8220;4.21.0&#8243; _module_preset=&#8220;default&#8220; link_option_url=&#8220;https:\/\/residenzale6a.it\/de\/triest\/triest-und-kaffee\/&#8220; global_colors_info=&#8220;{}&#8220; theme_builder_area=&#8220;post_content&#8220;][\/dica_divi_carouselitem][dica_divi_carouselitem title=&#8220;Romantisches Triest&#8220; button_url_new_window=&#8220;1&#8243; image=&#8220;https:\/\/residenzale6a.it\/wp-content\/uploads\/2023\/04\/Trieste-romantica-1-e1682875412301.jpg&#8220; _builder_version=&#8220;4.21.0&#8243; _module_preset=&#8220;default&#8220; link_option_url=&#8220;https:\/\/residenzale6a.it\/de\/triest\/romantisches-triest\/&#8220; global_colors_info=&#8220;{}&#8220; theme_builder_area=&#8220;post_content&#8220;][\/dica_divi_carouselitem][dica_divi_carouselitem title=&#8220;J\u00fcdisches Ghetto von Triest&#8220; button_url_new_window=&#8220;1&#8243; image=&#8220;https:\/\/residenzale6a.it\/wp-content\/uploads\/2023\/10\/AdobeStock_120898187.jpg&#8220; _builder_version=&#8220;4.22.2&#8243; _module_preset=&#8220;default&#8220; link_option_url=&#8220;https:\/\/residenzale6a.it\/de\/triest\/juedisches-ghetto-von-triest\/&#8220; hover_enabled=&#8220;0&#8243; global_colors_info=&#8220;{}&#8220; theme_builder_area=&#8220;post_content&#8220; alt=&#8220;Trieste ghetto ebraico&#8220; title_text=&#8220;Trieste ghetto ebraico&#8220; sticky_enabled=&#8220;0&#8243;][\/dica_divi_carouselitem][\/dica_divi_carousel][et_pb_text _builder_version=&#8220;4.21.0&#8243; _module_preset=&#8220;default&#8220; text_orientation=&#8220;center&#8220; global_colors_info=&#8220;{}&#8220; theme_builder_area=&#8220;post_content&#8220;]<\/p>\n<h3>Reiserouten aus unserem Blog<\/h3>\n<p>[\/et_pb_text][et_pb_blog fullwidth=&#8220;off&#8220; posts_number=&#8220;6&#8243; include_categories=&#8220;51&#8243; show_more=&#8220;on&#8220; show_author=&#8220;off&#8220; show_date=&#8220;off&#8220; show_categories=&#8220;off&#8220; _builder_version=&#8220;4.21.0&#8243; _module_preset=&#8220;default&#8220; body_font_size=&#8220;16px&#8220; body_line_height=&#8220;1.5em&#8220; global_colors_info=&#8220;{}&#8220; theme_builder_area=&#8220;post_content&#8220;][\/et_pb_blog][et_pb_text disabled_on=&#8220;off|off|off&#8220; _builder_version=&#8220;4.20.4&#8243; _module_preset=&#8220;default&#8220; text_font=&#8220;Georgia||||||||&#8220; ul_line_height=&#8220;1.7em&#8220; background_color=&#8220;#f9f9f4&#8243; background_image=&#8220;https:\/\/residenzale6a.it\/wp-content\/uploads\/2023\/03\/sfondo_bianco.png&#8220; text_orientation=&#8220;center&#8220; width_tablet=&#8220;80%&#8220; width_phone=&#8220;80%&#8220; width_last_edited=&#8220;off|desktop&#8220; module_alignment=&#8220;center&#8220; custom_padding=&#8220;20px|20px|20px|20px|false|false&#8220; global_module=&#8220;110992&#8243; saved_tabs=&#8220;all&#8220; global_colors_info=&#8220;{}&#8220; theme_builder_area=&#8220;post_content&#8220;]<\/p>\n<h3>Acquista FVG ad un prezzo ridotto direttamente in struttura<\/h3>\n<p><img loading=\"lazy\" decoding=\"async\" src=\"https:\/\/residenzale6a.it\/wp-content\/uploads\/2023\/04\/FVG-Card_sovrapposte2_ITA.png\" alt=\"FVG card\" class=\"wp-image-110847 alignnone size-full\" width=\"300\" height=\"269\" \/><\/p>\n<p>Con FVG Card entri gratuitamente\u00a0nelle\u00a0maggiori attrazioni turistiche\u00a0del\u00a0Friuli Venezia Giulia. Gli ospiti di Residenza possono acquistare la FVG Card ad un prezzo ridotto direttamente in reception.<\/p>\n<p><a href=\"\/fvg-card-scopri-trieste-e-il-resto-del-territorio-spendendo-meno\/\">Scopri di pi\u00f9<\/a><\/p>\n<p>[\/et_pb_text][\/et_pb_column][\/et_pb_row][\/et_pb_section]<\/p>\n","protected":false},"excerpt":{"rendered":"<p>Triest, das Zentrum des neuen Europa: wo der Westen auf den Osten trifft.<\/p>\n","protected":false},"author":1,"featured_media":111757,"parent":0,"menu_order":0,"comment_status":"closed","ping_status":"closed","template":"","meta":{"_et_pb_use_builder":"on","_et_pb_old_content":"","_et_gb_content_width":"","footnotes":""},"class_list":["post-112432","page","type-page","status-publish","has-post-thumbnail","hentry"],"_links":{"self":[{"href":"https:\/\/residenzale6a.it\/de\/wp-json\/wp\/v2\/pages\/112432","targetHints":{"allow":["GET"]}}],"collection":[{"href":"https:\/\/residenzale6a.it\/de\/wp-json\/wp\/v2\/pages"}],"about":[{"href":"https:\/\/residenzale6a.it\/de\/wp-json\/wp\/v2\/types\/page"}],"author":[{"embeddable":true,"href":"https:\/\/residenzale6a.it\/de\/wp-json\/wp\/v2\/users\/1"}],"replies":[{"embeddable":true,"href":"https:\/\/residenzale6a.it\/de\/wp-json\/wp\/v2\/comments?post=112432"}],"version-history":[{"count":13,"href":"https:\/\/residenzale6a.it\/de\/wp-json\/wp\/v2\/pages\/112432\/revisions"}],"predecessor-version":[{"id":113527,"href":"https:\/\/residenzale6a.it\/de\/wp-json\/wp\/v2\/pages\/112432\/revisions\/113527"}],"wp:featuredmedia":[{"embeddable":true,"href":"https:\/\/residenzale6a.it\/de\/wp-json\/wp\/v2\/media\/111757"}],"wp:attachment":[{"href":"https:\/\/residenzale6a.it\/de\/wp-json\/wp\/v2\/media?parent=112432"}],"curies":[{"name":"wp","href":"https:\/\/api.w.org\/{rel}","templated":true}]}}