{"id":112527,"date":"2023-04-21T14:42:16","date_gmt":"2023-04-21T12:42:16","guid":{"rendered":"https:\/\/residenzale6a.it\/triest\/an-einem-wochenende\/"},"modified":"2023-05-17T09:47:16","modified_gmt":"2023-05-17T07:47:16","slug":"an-einem-wochenende","status":"publish","type":"page","link":"https:\/\/residenzale6a.it\/de\/triest\/an-einem-wochenende\/","title":{"rendered":"Triest an einem Wochenende"},"content":{"rendered":"<p>[et_pb_section fb_built=&#8220;1&#8243; module_id=&#8220;top&#8220; _builder_version=&#8220;4.20.4&#8243; _module_preset=&#8220;default&#8220; custom_padding=&#8220;0px||||false|false&#8220; global_colors_info=&#8220;{}&#8220;][et_pb_row column_structure=&#8220;2_5,3_5&#8243; _builder_version=&#8220;4.20.4&#8243; _module_preset=&#8220;default&#8220; width=&#8220;100%&#8220; custom_padding=&#8220;0px||||false|false&#8220; global_colors_info=&#8220;{}&#8220;][et_pb_column type=&#8220;2_5&#8243; _builder_version=&#8220;4.20.4&#8243; _module_preset=&#8220;default&#8220; global_colors_info=&#8220;{}&#8220;][et_pb_post_title title=&#8220;off&#8220; meta=&#8220;off&#8220; _builder_version=&#8220;4.20.4&#8243; _module_preset=&#8220;default&#8220; global_colors_info=&#8220;{}&#8220;][\/et_pb_post_title][et_pb_text admin_label=&#8220;Riassunto&#8220; _builder_version=&#8220;4.20.4&#8243; _module_preset=&#8220;default&#8220; text_font=&#8220;||on||||||&#8220; global_colors_info=&#8220;{}&#8220;]<\/p>\n<p>Triest ist eine faszinierende Stadt am Rande des rauen Karsts und an der Adria. Sie wird Sie mit ihrer Sch\u00f6nheit und dem besonderen Flair verzaubern und Ihren Aufenthalt einzigartig und unvergesslich werden lassen.<\/p>\n<p>[\/et_pb_text][et_pb_button button_url=&#8220;https:\/\/book.octorate.com\/octobook\/site\/reservation\/index.xhtml;octobooksessionid=844b2fed64e1e1c5c35127fd6099?codice=263621&#8243; url_new_window=&#8220;on&#8220; button_text=&#8220;reservierung&#8220; _builder_version=&#8220;4.20.4&#8243; _module_preset=&#8220;default&#8220; custom_button=&#8220;on&#8220; button_bg_color=&#8220;#a81e1e&#8220; button_border_width=&#8220;0px&#8220; button_border_radius=&#8220;50px&#8220; global_module=&#8220;110982&#8243; saved_tabs=&#8220;all&#8220; global_colors_info=&#8220;{}&#8220; button_bg_color__hover_enabled=&#8220;on|hover&#8220; button_bg_color__hover=&#8220;#e34a00&#8243; button_bg_enable_color__hover=&#8220;on&#8220;][\/et_pb_button][\/et_pb_column][et_pb_column type=&#8220;3_5&#8243; _builder_version=&#8220;4.20.4&#8243; _module_preset=&#8220;default&#8220; global_colors_info=&#8220;{}&#8220;][et_pb_text _builder_version=&#8220;4.21.0&#8243; _module_preset=&#8220;default&#8220; global_colors_info=&#8220;{}&#8220;]<\/p>\n<p>Unz\u00e4hlige Rundg\u00e4nge durchziehen die Stadt; die wichtigsten sollten Sie auf keinen Fall auslassen: den Spaziergang hinauf zum Colle di San Giusto mit der Kathedrale und dem Kastell sowie einem wundersch\u00f6nen Blick auf die Stadt und den Golf von Triest; den Besuch der <b>Piazza dell\u2019Unit\u00e0 d\u2019Italia<\/b>, Herz von Triest und einer der sch\u00f6nsten und gr\u00f6\u00dften Pl\u00e4tze Europas direkt am Meer; einen Bummel durch den von Kaiserin Maria Theresia geschaffenen <b>Borgo Teresiano<\/b>(Theresien-Vorstadt), ein Stadtviertel mit zahlreichen Bars, Kaffeeh\u00e4usern und Gesch\u00e4ften.<\/p>\n<p>Triest bietet ferner ein hohes Ma\u00df an Multikulturalit\u00e4t: So befinden sich die gr\u00f6\u00dfte <b>Synagoge<\/b> Europas, die anglikanische Kirche, die <b>serbisch-orthodoxe<\/b> sowie die <b>griechisch-orientalische Kirche<\/b> allesamt im Stadtzentrum.<\/p>\n<p>An der K\u00fcste, nur unweit von Triest entfernt, liegen das <b>Castello di Miramare<\/b>, die historische Residenz des \u00f6sterreichischen Erzherzogs Maximilian Joseph von Habsburg, umgeben von einem gro\u00dfz\u00fcgigen Park, und das <b>Kastell von Duino<\/b>, heute im Besitz der F\u00fcrsten von Thurn und Taxis.<\/p>\n<p>Allen Naturliebhabern ist ein Ausflug mit der Drahtseilbahn \u201eTram de Opicina\u201c hinauf nach Villa Opicina und in den Triester Karst zu empfehlen. Hier finden Sie herrliche <strong>Naturlandschaften<\/strong>, typische <em>D\u00f6rfer und Weiler<\/em> mit den ber\u00fchmten <strong>\u201eosmize\u201c<\/strong> (typischen Gastwirtschaften) und Agriturismen, in denen Sie mit einheimischen <em>Gaumenfreuden<\/em> verw\u00f6hnt werden.<\/p>\n<p>Wie Sie sehen, bietet Triest unz\u00e4hlige Reize, sodass ein Wochenende m\u00f6glicherweise nicht ausreichen k\u00f6nnte!<\/p>\n<p>[\/et_pb_text][\/et_pb_column][\/et_pb_row][\/et_pb_section][et_pb_section fb_built=&#8220;1&#8243; _builder_version=&#8220;4.20.4&#8243; _module_preset=&#8220;default&#8220; global_colors_info=&#8220;{}&#8220;][et_pb_row column_structure=&#8220;3_5,2_5&#8243; _builder_version=&#8220;4.20.4&#8243; _module_preset=&#8220;default&#8220; width=&#8220;100%&#8220; global_colors_info=&#8220;{}&#8220;][et_pb_column type=&#8220;3_5&#8243; _builder_version=&#8220;4.20.4&#8243; _module_preset=&#8220;default&#8220; background_color=&#8220;#f9f9f4&#8243; background_image=&#8220;https:\/\/residenzale6a.it\/wp-content\/uploads\/2023\/03\/sfondo_bianco.png&#8220; background_size=&#8220;initial&#8220; background_repeat=&#8220;repeat&#8220; custom_padding=&#8220;20px|20px|20px|20px|false|false&#8220; global_colors_info=&#8220;{}&#8220;][et_pb_code _builder_version=&#8220;4.20.4&#8243; _module_preset=&#8220;default&#8220; global_colors_info=&#8220;{}&#8220;]<iframe loading=\"lazy\" width=\"560\" height=\"315\" src=\"https:\/\/www.youtube.com\/embed\/DuywlcF2g9g\" title=\"YouTube video player\" frameborder=\"0\" allow=\"accelerometer; autoplay; clipboard-write; encrypted-media; gyroscope; picture-in-picture; web-share\" allowfullscreen=\"\"><\/iframe>[\/et_pb_code][et_pb_text _builder_version=&#8220;4.21.0&#8243; _module_preset=&#8220;default&#8220; text_font_size=&#8220;14px&#8220; global_colors_info=&#8220;{}&#8220;]<\/p>\n<p>To see the video you need experience enhancement cookies<br \/><a class=\"iubenda-cs-preferences-link\" href=\"#\">Ihre Einwilligungseinstellungen<\/a><\/p>\n<p>[\/et_pb_text][\/et_pb_column][et_pb_column type=&#8220;2_5&#8243; _builder_version=&#8220;4.20.4&#8243; _module_preset=&#8220;default&#8220; global_colors_info=&#8220;{}&#8220;][et_pb_text _builder_version=&#8220;4.20.4&#8243; _module_preset=&#8220;default&#8220; text_font=&#8220;||on||||||&#8220; global_colors_info=&#8220;{}&#8220;]Unsere Einrichtung verf\u00fcgt \u00fcber eine reservierte Fahrradabstellm\u00f6glichkeit im privaten Hof, wo Sie Ihr Fahrrad sicher aufbewahren k\u00f6nnen![\/et_pb_text][et_pb_button button_url=&#8220;https:\/\/book.octorate.com\/octobook\/site\/reservation\/index.xhtml;octobooksessionid=844b2fed64e1e1c5c35127fd6099?codice=263621&#8243; url_new_window=&#8220;on&#8220; button_text=&#8220;reservierung&#8220; _builder_version=&#8220;4.20.4&#8243; _module_preset=&#8220;default&#8220; custom_button=&#8220;on&#8220; button_bg_color=&#8220;#a81e1e&#8220; button_border_width=&#8220;0px&#8220; button_border_radius=&#8220;50px&#8220; global_module=&#8220;110982&#8243; saved_tabs=&#8220;all&#8220; global_colors_info=&#8220;{}&#8220; button_bg_color__hover_enabled=&#8220;on|hover&#8220; button_bg_color__hover=&#8220;#e34a00&#8243; button_bg_enable_color__hover=&#8220;on&#8220;][\/et_pb_button][\/et_pb_column][\/et_pb_row][\/et_pb_section]<\/p>\n","protected":false},"excerpt":{"rendered":"<p>Triest ist eine faszinierende Stadt am Rande des rauen Karsts und an der Adria. Sie wird Sie mit ihrer Sch\u00f6nheit und dem besonderen Flair verzaubern und Ihren Aufenthalt einzigartig und unvergesslich werden lassen.<\/p>\n","protected":false},"author":1,"featured_media":111737,"parent":112432,"menu_order":0,"comment_status":"closed","ping_status":"closed","template":"","meta":{"_et_pb_use_builder":"on","_et_pb_old_content":"","_et_gb_content_width":"","footnotes":""},"class_list":["post-112527","page","type-page","status-publish","has-post-thumbnail","hentry"],"_links":{"self":[{"href":"https:\/\/residenzale6a.it\/de\/wp-json\/wp\/v2\/pages\/112527","targetHints":{"allow":["GET"]}}],"collection":[{"href":"https:\/\/residenzale6a.it\/de\/wp-json\/wp\/v2\/pages"}],"about":[{"href":"https:\/\/residenzale6a.it\/de\/wp-json\/wp\/v2\/types\/page"}],"author":[{"embeddable":true,"href":"https:\/\/residenzale6a.it\/de\/wp-json\/wp\/v2\/users\/1"}],"replies":[{"embeddable":true,"href":"https:\/\/residenzale6a.it\/de\/wp-json\/wp\/v2\/comments?post=112527"}],"version-history":[{"count":11,"href":"https:\/\/residenzale6a.it\/de\/wp-json\/wp\/v2\/pages\/112527\/revisions"}],"predecessor-version":[{"id":112813,"href":"https:\/\/residenzale6a.it\/de\/wp-json\/wp\/v2\/pages\/112527\/revisions\/112813"}],"up":[{"embeddable":true,"href":"https:\/\/residenzale6a.it\/de\/wp-json\/wp\/v2\/pages\/112432"}],"wp:featuredmedia":[{"embeddable":true,"href":"https:\/\/residenzale6a.it\/de\/wp-json\/wp\/v2\/media\/111737"}],"wp:attachment":[{"href":"https:\/\/residenzale6a.it\/de\/wp-json\/wp\/v2\/media?parent=112527"}],"curies":[{"name":"wp","href":"https:\/\/api.w.org\/{rel}","templated":true}]}}