{"id":112544,"date":"2023-04-21T16:20:18","date_gmt":"2023-04-21T14:20:18","guid":{"rendered":"https:\/\/residenzale6a.it\/triest\/svevos-triest\/"},"modified":"2023-05-16T23:28:50","modified_gmt":"2023-05-16T21:28:50","slug":"svevos-triest","status":"publish","type":"page","link":"https:\/\/residenzale6a.it\/de\/triest\/svevos-triest\/","title":{"rendered":"Svevo\u2019s Triest"},"content":{"rendered":"<p>[et_pb_section fb_built=&#8220;1&#8243; module_id=&#8220;top&#8220; _builder_version=&#8220;4.20.4&#8243; _module_preset=&#8220;default&#8220; custom_padding=&#8220;0px||||false|false&#8220; global_colors_info=&#8220;{}&#8220; theme_builder_area=&#8220;post_content&#8220;][et_pb_row column_structure=&#8220;2_5,3_5&#8243; _builder_version=&#8220;4.20.4&#8243; _module_preset=&#8220;default&#8220; width=&#8220;100%&#8220; custom_padding=&#8220;0px||||false|false&#8220; global_colors_info=&#8220;{}&#8220; theme_builder_area=&#8220;post_content&#8220;][et_pb_column type=&#8220;2_5&#8243; _builder_version=&#8220;4.20.4&#8243; _module_preset=&#8220;default&#8220; global_colors_info=&#8220;{}&#8220; theme_builder_area=&#8220;post_content&#8220;][et_pb_post_title title=&#8220;off&#8220; meta=&#8220;off&#8220; _builder_version=&#8220;4.20.4&#8243; _module_preset=&#8220;default&#8220; global_colors_info=&#8220;{}&#8220; theme_builder_area=&#8220;post_content&#8220;][\/et_pb_post_title][et_pb_text admin_label=&#8220;Riassunto&#8220; _builder_version=&#8220;4.20.4&#8243; _module_preset=&#8220;default&#8220; text_font=&#8220;||on||||||&#8220; hover_enabled=&#8220;0&#8243; global_colors_info=&#8220;{}&#8220; theme_builder_area=&#8220;post_content&#8220; sticky_enabled=&#8220;0&#8243;]F\u00fcr Liebhaber der Literatur und insbesondere der B\u00fccher und Figuren von Italo Svevo kommt ein Spaziergang durch die Stra\u00dfen von Triest dem Gef\u00fchl gleich, Protagonist seiner Romane zu sein.[\/et_pb_text][et_pb_button button_url=&#8220;https:\/\/book.octorate.com\/octobook\/site\/reservation\/index.xhtml;octobooksessionid=844b2fed64e1e1c5c35127fd6099?codice=263621&#8243; url_new_window=&#8220;on&#8220; button_text=&#8220;reservierung&#8220; _builder_version=&#8220;4.20.4&#8243; _module_preset=&#8220;default&#8220; custom_button=&#8220;on&#8220; button_bg_color=&#8220;#a81e1e&#8220; button_border_width=&#8220;0px&#8220; button_border_radius=&#8220;50px&#8220; global_module=&#8220;110982&#8243; saved_tabs=&#8220;all&#8220; global_colors_info=&#8220;{}&#8220; button_bg_color__hover_enabled=&#8220;on|hover&#8220; button_bg_color__hover=&#8220;#e34a00&#8243; button_bg_enable_color__hover=&#8220;on&#8220; theme_builder_area=&#8220;post_content&#8220;][\/et_pb_button][\/et_pb_column][et_pb_column type=&#8220;3_5&#8243; _builder_version=&#8220;4.20.4&#8243; _module_preset=&#8220;default&#8220; global_colors_info=&#8220;{}&#8220; theme_builder_area=&#8220;post_content&#8220;][et_pb_text _builder_version=&#8220;4.20.4&#8243; _module_preset=&#8220;default&#8220; hover_enabled=&#8220;0&#8243; global_colors_info=&#8220;{}&#8220; theme_builder_area=&#8220;post_content&#8220; sticky_enabled=&#8220;0&#8243;]Das r\u00fchrt daher, dass die Stadt ihr kaiserliches Stadtzentrum aus dem fr\u00fchen 20. Jahrhundert erhalten hat und der Besucher pers\u00f6nlich die von Svevo\u2019s Charakteren Zeno Cosini, Alfonso Nitti oder auch Emilio Brentani beschriebenen und erlebten aufsuchen kann.<\/p>\n<p>Die beliebtesten und am h\u00e4ufigsten in Svevo\u2019s Romanen vorkommenden Gegenden sind: <b>Piazza dell&#8217;Unit\u00e0 d&#8217;Italia<\/b> (ehemals Piazza Grande); die engen Gassen der <b>Cittavecchia (Altstadt)<\/b>, wo Svevo seinen t\u00e4glichen Spaziergang machte; das <b>Tergesteo<\/b>, der ehemalige Sitz der Union Bank, wo Svevo 18 Jahre lang arbeitete und das ihn zu seinem Erstlingsroman \u201eEin Leben\u201c inspirierte; <b>via S. Nicol\u00f2<\/b> mit dem Sitz der <b>Berlitz School<\/b>, wo die Freundschaft mit dem irischen Schriftsteller James Joyce entstand, die seine Entwicklung grundlegend pr\u00e4gte.<\/p>\n<p>Und nicht zu vergessen all die historischen Kaffeeh\u00e4user der Stadt, wo Svevo gern und oft befreundete Schriftsteller traf und sich mit ihnen austauschte. Sein Lieblingslokal war vermutlich das <b>Caff\u00e8 Stella Polare<\/b>; es befindet sich im Borgo Teresiano, unweit der wundersch\u00f6nen Kirche Sant\u2019Antonio Nuovo.[\/et_pb_text][\/et_pb_column][\/et_pb_row][\/et_pb_section][et_pb_section fb_built=&#8220;1&#8243; _builder_version=&#8220;4.20.4&#8243; _module_preset=&#8220;default&#8220; hover_enabled=&#8220;0&#8243; global_colors_info=&#8220;{}&#8220; theme_builder_area=&#8220;post_content&#8220; disabled_on=&#8220;on|on|on&#8220; disabled=&#8220;on&#8220; sticky_enabled=&#8220;0&#8243;][et_pb_row column_structure=&#8220;3_5,2_5&#8243; _builder_version=&#8220;4.20.4&#8243; _module_preset=&#8220;default&#8220; width=&#8220;100%&#8220; global_colors_info=&#8220;{}&#8220; theme_builder_area=&#8220;post_content&#8220;][et_pb_column type=&#8220;3_5&#8243; _builder_version=&#8220;4.20.4&#8243; _module_preset=&#8220;default&#8220; background_color=&#8220;#f9f9f4&#8243; background_image=&#8220;https:\/\/residenzale6a.it\/wp-content\/uploads\/2023\/03\/sfondo_bianco.png&#8220; background_size=&#8220;initial&#8220; background_repeat=&#8220;repeat&#8220; custom_padding=&#8220;20px|20px|20px|20px|false|false&#8220; global_colors_info=&#8220;{}&#8220; theme_builder_area=&#8220;post_content&#8220;][et_pb_text _builder_version=&#8220;4.20.4&#8243; _module_preset=&#8220;default&#8220; text_font_size=&#8220;14px&#8220; global_colors_info=&#8220;{}&#8220; theme_builder_area=&#8220;post_content&#8220;]To see the video you need experience enhancement cookies<br \/>\n<a href=\"#\" class=\"iubenda-cs-preferences-link\">Ihre Einwilligungseinstellungen<\/a>[\/et_pb_text][\/et_pb_column][et_pb_column type=&#8220;2_5&#8243; _builder_version=&#8220;4.20.4&#8243; _module_preset=&#8220;default&#8220; global_colors_info=&#8220;{}&#8220; theme_builder_area=&#8220;post_content&#8220;][et_pb_text _builder_version=&#8220;4.20.4&#8243; _module_preset=&#8220;default&#8220; text_font=&#8220;||on||||||&#8220; global_colors_info=&#8220;{}&#8220; theme_builder_area=&#8220;post_content&#8220;]Unsere Einrichtung verf\u00fcgt \u00fcber eine reservierte Fahrradabstellm\u00f6glichkeit im privaten Hof, wo Sie Ihr Fahrrad sicher aufbewahren k\u00f6nnen![\/et_pb_text][et_pb_button button_url=&#8220;https:\/\/book.octorate.com\/octobook\/site\/reservation\/index.xhtml;octobooksessionid=844b2fed64e1e1c5c35127fd6099?codice=263621&#8243; url_new_window=&#8220;on&#8220; button_text=&#8220;reservierung&#8220; _builder_version=&#8220;4.20.4&#8243; _module_preset=&#8220;default&#8220; custom_button=&#8220;on&#8220; button_bg_color=&#8220;#a81e1e&#8220; button_border_width=&#8220;0px&#8220; button_border_radius=&#8220;50px&#8220; global_module=&#8220;110982&#8243; global_colors_info=&#8220;{}&#8220; button_bg_color__hover_enabled=&#8220;on|hover&#8220; button_bg_color__hover=&#8220;#e34a00&#8243; button_bg_enable_color__hover=&#8220;on&#8220; theme_builder_area=&#8220;post_content&#8220;][\/et_pb_button][\/et_pb_column][\/et_pb_row][\/et_pb_section]<\/p>\n","protected":false},"excerpt":{"rendered":"<p>F\u00fcr Liebhaber der Literatur und insbesondere der B\u00fccher und Figuren von Italo Svevo kommt ein Spaziergang durch die Stra\u00dfen von Triest dem Gef\u00fchl gleich, Protagonist seiner Romane zu sein.Das r\u00fchrt daher, dass die Stadt ihr kaiserliches Stadtzentrum aus dem fr\u00fchen 20. Jahrhundert erhalten hat und der Besucher pers\u00f6nlich die von Svevo\u2019s Charakteren Zeno Cosini, Alfonso [&hellip;]<\/p>\n","protected":false},"author":1,"featured_media":111365,"parent":112432,"menu_order":0,"comment_status":"closed","ping_status":"closed","template":"","meta":{"_et_pb_use_builder":"on","_et_pb_old_content":"","_et_gb_content_width":"","footnotes":""},"class_list":["post-112544","page","type-page","status-publish","has-post-thumbnail","hentry"],"_links":{"self":[{"href":"https:\/\/residenzale6a.it\/de\/wp-json\/wp\/v2\/pages\/112544","targetHints":{"allow":["GET"]}}],"collection":[{"href":"https:\/\/residenzale6a.it\/de\/wp-json\/wp\/v2\/pages"}],"about":[{"href":"https:\/\/residenzale6a.it\/de\/wp-json\/wp\/v2\/types\/page"}],"author":[{"embeddable":true,"href":"https:\/\/residenzale6a.it\/de\/wp-json\/wp\/v2\/users\/1"}],"replies":[{"embeddable":true,"href":"https:\/\/residenzale6a.it\/de\/wp-json\/wp\/v2\/comments?post=112544"}],"version-history":[{"count":8,"href":"https:\/\/residenzale6a.it\/de\/wp-json\/wp\/v2\/pages\/112544\/revisions"}],"predecessor-version":[{"id":112776,"href":"https:\/\/residenzale6a.it\/de\/wp-json\/wp\/v2\/pages\/112544\/revisions\/112776"}],"up":[{"embeddable":true,"href":"https:\/\/residenzale6a.it\/de\/wp-json\/wp\/v2\/pages\/112432"}],"wp:featuredmedia":[{"embeddable":true,"href":"https:\/\/residenzale6a.it\/de\/wp-json\/wp\/v2\/media\/111365"}],"wp:attachment":[{"href":"https:\/\/residenzale6a.it\/de\/wp-json\/wp\/v2\/media?parent=112544"}],"curies":[{"name":"wp","href":"https:\/\/api.w.org\/{rel}","templated":true}]}}