{"id":112586,"date":"2023-04-21T16:42:02","date_gmt":"2023-04-21T14:42:02","guid":{"rendered":"https:\/\/residenzale6a.it\/triest\/triest-und-kaffee\/"},"modified":"2023-06-14T17:39:38","modified_gmt":"2023-06-14T15:39:38","slug":"triest-und-kaffee","status":"publish","type":"page","link":"https:\/\/residenzale6a.it\/de\/triest\/triest-und-kaffee\/","title":{"rendered":"Triest und der Kaffee"},"content":{"rendered":"<p>[et_pb_section fb_built=&#8220;1&#8243; module_id=&#8220;top&#8220; _builder_version=&#8220;4.20.4&#8243; _module_preset=&#8220;default&#8220; custom_padding=&#8220;0px||||false|false&#8220; global_colors_info=&#8220;{}&#8220; theme_builder_area=&#8220;post_content&#8220;][et_pb_row column_structure=&#8220;2_5,3_5&#8243; _builder_version=&#8220;4.20.4&#8243; _module_preset=&#8220;default&#8220; width=&#8220;100%&#8220; custom_padding=&#8220;0px||||false|false&#8220; global_colors_info=&#8220;{}&#8220; theme_builder_area=&#8220;post_content&#8220;][et_pb_column type=&#8220;2_5&#8243; _builder_version=&#8220;4.20.4&#8243; _module_preset=&#8220;default&#8220; global_colors_info=&#8220;{}&#8220; theme_builder_area=&#8220;post_content&#8220;][et_pb_post_title title=&#8220;off&#8220; meta=&#8220;off&#8220; _builder_version=&#8220;4.20.4&#8243; _module_preset=&#8220;default&#8220; global_colors_info=&#8220;{}&#8220; theme_builder_area=&#8220;post_content&#8220;][\/et_pb_post_title][et_pb_text admin_label=&#8220;Riassunto&#8220; _builder_version=&#8220;4.21.0&#8243; _module_preset=&#8220;default&#8220; text_font=&#8220;||on||||||&#8220; global_colors_info=&#8220;{}&#8220; theme_builder_area=&#8220;post_content&#8220;]Triest ist im wahrsten Sinne des Wortes &#8222;die Stadt des Kaffees&#8220;, und auch die Triester sind durch eine besondere terminologische Beziehung mit dem Kaffee verbunden und haben einen regelrechten Code geschaffen, der Besuchern der Stadt Kopfzerbrechen bereitet: Was k\u00f6nnte wohl ein &#8222;capo in b&#8220; oder ein &#8222;goccia&#8220; sein?[\/et_pb_text][et_pb_button button_url=&#8220;https:\/\/book.octorate.com\/octobook\/site\/reservation\/index.xhtml;octobooksessionid=844b2fed64e1e1c5c35127fd6099?codice=263621&#8243; url_new_window=&#8220;on&#8220; button_text=&#8220;reservierung&#8220; _builder_version=&#8220;4.20.4&#8243; _module_preset=&#8220;default&#8220; custom_button=&#8220;on&#8220; button_bg_color=&#8220;#a81e1e&#8220; button_border_width=&#8220;0px&#8220; button_border_radius=&#8220;50px&#8220; global_module=&#8220;110982&#8243; saved_tabs=&#8220;all&#8220; global_colors_info=&#8220;{}&#8220; button_bg_color__hover_enabled=&#8220;on|hover&#8220; button_bg_color__hover=&#8220;#e34a00&#8243; button_bg_enable_color__hover=&#8220;on&#8220; theme_builder_area=&#8220;post_content&#8220;][\/et_pb_button][\/et_pb_column][et_pb_column type=&#8220;3_5&#8243; _builder_version=&#8220;4.20.4&#8243; _module_preset=&#8220;default&#8220; global_colors_info=&#8220;{}&#8220; theme_builder_area=&#8220;post_content&#8220;][et_pb_text _builder_version=&#8220;4.21.0&#8243; _module_preset=&#8220;default&#8220; global_colors_info=&#8220;{}&#8220; theme_builder_area=&#8220;post_content&#8220;]Going to a historical coffeehouse in Trieste means diving into today\u2019s Trieste and into the past.<\/p>\n<p>Das &#8222;<b>Caff\u00e8 degli Specchi<\/b>&#8220; blickt direkt auf die sch\u00f6ne Piazza Unit\u00e0 d&#8217;Italia, die sich im Meer spiegelt. Es lohnt sich auf jeden Fall, an einem der kleinen Tische auf der Piazza Platz zu nehmen in aller Ruhe den Anblick zu genie\u00dfen, der sich hier bietet.<\/p>\n<p>Das <b>Caff\u00e8 Tommaseo<\/b> empf\u00e4ngt uns noch heute mit der Atmosph\u00e4re eines typischen Wiener Caf\u00e9s; es war der Lieblingsort vieler K\u00fcnstler und Schriftsteller, die das mitteleurop\u00e4ische Triest belebten.<\/p>\n<p>In Richtung Borgo Teresiano k\u00f6nnen wir das <b>Caff\u00e8 Stella Polare<\/b> besuchen, wo der irische Schriftsteller James Joyce oft sa\u00df, der das Triester Geb\u00e4ck besonders liebte und allzu gern in die Antica Pasticceria Pirona ging. Und wenn Sie den Schriftstellern und K\u00fcnstlern unserer Zeit begegnen wollen, ist das traditionelle <b>Caff\u00e8 San Marco<\/b> das Richtige f\u00fcr Sie, wo es nicht unwahrscheinlich ist, auf Claudio Magris zu treffen, der gerade an einem Buch arbeitet.<\/p>\n<p>[\/et_pb_text][\/et_pb_column][\/et_pb_row][\/et_pb_section][et_pb_section fb_built=&#8220;1&#8243; _builder_version=&#8220;4.20.4&#8243; _module_preset=&#8220;default&#8220; global_colors_info=&#8220;{}&#8220; theme_builder_area=&#8220;post_content&#8220;][et_pb_row column_structure=&#8220;3_5,2_5&#8243; _builder_version=&#8220;4.20.4&#8243; _module_preset=&#8220;default&#8220; width=&#8220;100%&#8220; global_colors_info=&#8220;{}&#8220; theme_builder_area=&#8220;post_content&#8220;][et_pb_column type=&#8220;3_5&#8243; _builder_version=&#8220;4.20.4&#8243; _module_preset=&#8220;default&#8220; background_color=&#8220;#f9f9f4&#8243; background_image=&#8220;https:\/\/residenzale6a.it\/wp-content\/uploads\/2023\/03\/sfondo_bianco.png&#8220; background_size=&#8220;initial&#8220; background_repeat=&#8220;repeat&#8220; custom_padding=&#8220;20px|20px|20px|20px|false|false&#8220; global_colors_info=&#8220;{}&#8220; theme_builder_area=&#8220;post_content&#8220;][et_pb_code _builder_version=&#8220;4.21.0&#8243; _module_preset=&#8220;default&#8220; hover_enabled=&#8220;0&#8243; global_colors_info=&#8220;{}&#8220; theme_builder_area=&#8220;post_content&#8220; sticky_enabled=&#8220;0&#8243;]<iframe loading=\"lazy\" width=\"560\" height=\"315\" src=\"https:\/\/www.youtube.com\/embed\/2fvVj3nWdNw\" title=\"YouTube video player\" frameborder=\"0\" allow=\"accelerometer; autoplay; clipboard-write; encrypted-media; gyroscope; picture-in-picture; web-share\" allowfullscreen><\/iframe>[\/et_pb_code][et_pb_text _builder_version=&#8220;4.20.4&#8243; _module_preset=&#8220;default&#8220; text_font_size=&#8220;14px&#8220; global_colors_info=&#8220;{}&#8220; theme_builder_area=&#8220;post_content&#8220;]To see the video you need experience enhancement cookies<br \/>\n<a href=\"#\" class=\"iubenda-cs-preferences-link\">Ihre Einwilligungseinstellungen<\/a>[\/et_pb_text][\/et_pb_column][et_pb_column type=&#8220;2_5&#8243; _builder_version=&#8220;4.20.4&#8243; _module_preset=&#8220;default&#8220; global_colors_info=&#8220;{}&#8220; theme_builder_area=&#8220;post_content&#8220;][et_pb_text _builder_version=&#8220;4.21.0&#8243; _module_preset=&#8220;default&#8220; text_font=&#8220;||on||||||&#8220; global_colors_info=&#8220;{}&#8220; theme_builder_area=&#8220;post_content&#8220;]Die Residenza Le 6A l\u00e4dt Sie zu einem &#8222;capo in B&#8220; oder &#8222;und nero&#8220; im Caff\u00e8 San Marco ein! G\u00e4ste, die direkt bei uns mindestens 2 \u00dcbernachtungen buchen, erhalten einen Gutschein f\u00fcr einen am Tisch servierten Kaffee an diesem historischen Ort der Stadt.[\/et_pb_text][et_pb_button button_url=&#8220;https:\/\/book.octorate.com\/octobook\/site\/reservation\/index.xhtml;octobooksessionid=844b2fed64e1e1c5c35127fd6099?codice=263621&#8243; url_new_window=&#8220;on&#8220; button_text=&#8220;reservierung&#8220; _builder_version=&#8220;4.20.4&#8243; _module_preset=&#8220;default&#8220; custom_button=&#8220;on&#8220; button_bg_color=&#8220;#a81e1e&#8220; button_border_width=&#8220;0px&#8220; button_border_radius=&#8220;50px&#8220; global_module=&#8220;110982&#8243; saved_tabs=&#8220;all&#8220; global_colors_info=&#8220;{}&#8220; button_bg_color__hover_enabled=&#8220;on|hover&#8220; button_bg_color__hover=&#8220;#e34a00&#8243; button_bg_enable_color__hover=&#8220;on&#8220; theme_builder_area=&#8220;post_content&#8220;][\/et_pb_button][\/et_pb_column][\/et_pb_row][\/et_pb_section][et_pb_section fb_built=&#8220;1&#8243; _builder_version=&#8220;4.20.4&#8243; _module_preset=&#8220;default&#8220; global_colors_info=&#8220;{}&#8220; theme_builder_area=&#8220;post_content&#8220;][et_pb_row column_structure=&#8220;3_5,2_5&#8243; _builder_version=&#8220;4.20.4&#8243; _module_preset=&#8220;default&#8220; width=&#8220;100%&#8220; global_colors_info=&#8220;{}&#8220; theme_builder_area=&#8220;post_content&#8220;][et_pb_column type=&#8220;3_5&#8243; _builder_version=&#8220;4.20.4&#8243; _module_preset=&#8220;default&#8220; background_color=&#8220;#f9f9f4&#8243; background_image=&#8220;https:\/\/residenzale6a.it\/wp-content\/uploads\/2023\/03\/sfondo_bianco.png&#8220; background_size=&#8220;initial&#8220; background_repeat=&#8220;repeat&#8220; custom_padding=&#8220;20px|20px|20px|20px|false|false&#8220; global_colors_info=&#8220;{}&#8220; theme_builder_area=&#8220;post_content&#8220;][et_pb_image src=&#8220;https:\/\/residenzale6a.it\/wp-content\/uploads\/2023\/03\/Stagni-ENG.00_00_08_23.Immagine010.jpg&#8220; title_text=&#8220;Stagni ENG.00_00_08_23.Immagine010&#8243; url=&#8220;\/esperienze\/dolci-tipici-triestini-degustazione\/&#8220; _builder_version=&#8220;4.20.4&#8243; _module_preset=&#8220;default&#8220; global_colors_info=&#8220;{}&#8220; theme_builder_area=&#8220;post_content&#8220;][\/et_pb_image][\/et_pb_column][et_pb_column type=&#8220;2_5&#8243; _builder_version=&#8220;4.20.4&#8243; _module_preset=&#8220;default&#8220; global_colors_info=&#8220;{}&#8220; theme_builder_area=&#8220;post_content&#8220;][et_pb_text _builder_version=&#8220;4.20.4&#8243; _module_preset=&#8220;default&#8220; text_font=&#8220;||on||||||&#8220; global_colors_info=&#8220;{}&#8220; theme_builder_area=&#8220;post_content&#8220;]<\/p>\n<h3>Verkostung von typischen S\u00fc\u00dfigkeiten und Geschichten aus Triest<\/h3>\n<p>Lernen Sie unsere Stadt durch die Geschichte ihrer s\u00fc\u00dfen Tradition kennen. Beim Kosten von einer Auswahl an traditionsreichem Geb\u00e4ck zu Tee oder Kaffee werden Sie Triest gewisserma\u00dfen Schicht f\u00fcr Schicht entdecken.[\/et_pb_text][et_pb_button button_url=&#8220;\/esperienze\/dolci-tipici-triestini-degustazione\/&#8220; button_text=&#8220;Erfahren Sie mehr.&#8220; _builder_version=&#8220;4.20.4&#8243; _module_preset=&#8220;default&#8220; global_colors_info=&#8220;{}&#8220; theme_builder_area=&#8220;post_content&#8220;][\/et_pb_button][\/et_pb_column][\/et_pb_row][\/et_pb_section]<\/p>\n","protected":false},"excerpt":{"rendered":"<p>Triest ist im wahrsten Sinne des Wortes &#8222;die Stadt des Kaffees&#8220;, und auch die Triester sind durch eine besondere terminologische Beziehung mit dem Kaffee verbunden und haben einen regelrechten Code geschaffen, der Besuchern der Stadt Kopfzerbrechen bereitet: Was k\u00f6nnte wohl ein &#8222;capo in b&#8220; oder ein &#8222;goccia&#8220; sein?Going to a historical coffeehouse in Trieste means [&hellip;]<\/p>\n","protected":false},"author":1,"featured_media":111745,"parent":112432,"menu_order":0,"comment_status":"closed","ping_status":"closed","template":"","meta":{"_et_pb_use_builder":"on","_et_pb_old_content":"","_et_gb_content_width":"","footnotes":""},"class_list":["post-112586","page","type-page","status-publish","has-post-thumbnail","hentry"],"_links":{"self":[{"href":"https:\/\/residenzale6a.it\/de\/wp-json\/wp\/v2\/pages\/112586","targetHints":{"allow":["GET"]}}],"collection":[{"href":"https:\/\/residenzale6a.it\/de\/wp-json\/wp\/v2\/pages"}],"about":[{"href":"https:\/\/residenzale6a.it\/de\/wp-json\/wp\/v2\/types\/page"}],"author":[{"embeddable":true,"href":"https:\/\/residenzale6a.it\/de\/wp-json\/wp\/v2\/users\/1"}],"replies":[{"embeddable":true,"href":"https:\/\/residenzale6a.it\/de\/wp-json\/wp\/v2\/comments?post=112586"}],"version-history":[{"count":21,"href":"https:\/\/residenzale6a.it\/de\/wp-json\/wp\/v2\/pages\/112586\/revisions"}],"predecessor-version":[{"id":113194,"href":"https:\/\/residenzale6a.it\/de\/wp-json\/wp\/v2\/pages\/112586\/revisions\/113194"}],"up":[{"embeddable":true,"href":"https:\/\/residenzale6a.it\/de\/wp-json\/wp\/v2\/pages\/112432"}],"wp:featuredmedia":[{"embeddable":true,"href":"https:\/\/residenzale6a.it\/de\/wp-json\/wp\/v2\/media\/111745"}],"wp:attachment":[{"href":"https:\/\/residenzale6a.it\/de\/wp-json\/wp\/v2\/media?parent=112586"}],"curies":[{"name":"wp","href":"https:\/\/api.w.org\/{rel}","templated":true}]}}