{"id":112603,"date":"2023-04-21T17:01:39","date_gmt":"2023-04-21T15:01:39","guid":{"rendered":"https:\/\/residenzale6a.it\/triest\/romantisches-triest\/"},"modified":"2023-05-17T09:57:56","modified_gmt":"2023-05-17T07:57:56","slug":"romantisches-triest","status":"publish","type":"page","link":"https:\/\/residenzale6a.it\/de\/triest\/romantisches-triest\/","title":{"rendered":"Romantisches Triest"},"content":{"rendered":"<p>[et_pb_section fb_built=&#8220;1&#8243; module_id=&#8220;top&#8220; _builder_version=&#8220;4.20.4&#8243; _module_preset=&#8220;default&#8220; custom_padding=&#8220;0px||||false|false&#8220; global_colors_info=&#8220;{}&#8220;][et_pb_row column_structure=&#8220;2_5,3_5&#8243; _builder_version=&#8220;4.20.4&#8243; _module_preset=&#8220;default&#8220; width=&#8220;100%&#8220; custom_padding=&#8220;0px||||false|false&#8220; global_colors_info=&#8220;{}&#8220;][et_pb_column type=&#8220;2_5&#8243; _builder_version=&#8220;4.20.4&#8243; _module_preset=&#8220;default&#8220; global_colors_info=&#8220;{}&#8220;][et_pb_post_title title=&#8220;off&#8220; meta=&#8220;off&#8220; _builder_version=&#8220;4.20.4&#8243; _module_preset=&#8220;default&#8220; global_colors_info=&#8220;{}&#8220;][\/et_pb_post_title][\/et_pb_column][et_pb_column type=&#8220;3_5&#8243; _builder_version=&#8220;4.20.4&#8243; _module_preset=&#8220;default&#8220; global_colors_info=&#8220;{}&#8220;][et_pb_text admin_label=&#8220;Riassunto&#8220; _builder_version=&#8220;4.20.4&#8243; _module_preset=&#8220;default&#8220; text_font=&#8220;||on||||||&#8220; global_colors_info=&#8220;{}&#8220;]Eine Stadt direkt an der Adria, inmitten von K\u00fcste, Himmel und Meer \u2013 ein \u201eUniversum im Kleinen\u201c, wie es vom italienischen Schriftsteller Ippolito Nievo bezeichnet wurde.<\/p>\n<p>Die perfekte Kulisse f\u00fcr ein romantisches Wochenende![\/et_pb_text][et_pb_text _builder_version=&#8220;4.20.4&#8243; _module_preset=&#8220;default&#8220; global_colors_info=&#8220;{}&#8220;]Vielleicht mit einem Abendessen bei ged\u00e4mpftem Licht in einem kleinen Restaurant mit Blick auf den Golf von Triest, einem Spaziergang auf den Kais bei Mondenschein \u00fcber glitzerndem Wasser und der Piazza dell\u2019Unit\u00e0 d\u2019Italia in ihrem prunkvollen Lichterglanz; oder auch mit einem Bummel durch die Gassen der Altstadt und dem Blick vom Colle San Giusto hinab auf das \u201eTergeste\u201c der R\u00f6merzeit.<\/p>\n<p>Den kr\u00f6nenden Abschluss Ihres romantischen Wochenendes sollte der Besuch des zauberhaften Kastells von Duino bilden, das sich im Besitz der F\u00fcrsten von Thurn und Taxis befindet und auf einer felsigen Landspitze \u00fcber dem Meer thront &#8211; einschlie\u00dflich der Legende der \u201eWei\u00dfen Dame\u201c. Gefolgt von einem romantischen Spaziergang mit Sonnenuntergang \u00fcber dem Meer auf dem Rilke-Weg bei Duino, wo der ber\u00fchmte b\u00f6hmische Dichter die Inspiration f\u00fcr seine Liebeselegien fand.<\/p>\n<p>F\u00fcr alle Naturfreunde lohnt sich eine Besichtigung der ber\u00fchmten Grotta Gigante, der tiefsten touristisch erschlossenen H\u00f6hle, oder auch ein Streifzug durch die D\u00f6rfer des Karsts mit den unz\u00e4hligen Leckereien der reichhaltigen traditionellen K\u00fcche.<\/p>\n<p>Triest und das Karst bieten zahlreiche M\u00f6glichkeiten f\u00fcr ein Wochenende im Zeichen der Romantik![\/et_pb_text][et_pb_button button_url=&#8220;https:\/\/book.octorate.com\/octobook\/site\/reservation\/index.xhtml;octobooksessionid=844b2fed64e1e1c5c35127fd6099?codice=263621&#8243; url_new_window=&#8220;on&#8220; button_text=&#8220;reservierung&#8220; _builder_version=&#8220;4.20.4&#8243; _module_preset=&#8220;default&#8220; custom_button=&#8220;on&#8220; button_bg_color=&#8220;#a81e1e&#8220; button_border_width=&#8220;0px&#8220; button_border_radius=&#8220;50px&#8220; global_module=&#8220;110982&#8243; saved_tabs=&#8220;all&#8220; global_colors_info=&#8220;{}&#8220; button_bg_color__hover_enabled=&#8220;on|hover&#8220; button_bg_color__hover=&#8220;#e34a00&#8243; button_bg_enable_color__hover=&#8220;on&#8220;][\/et_pb_button][\/et_pb_column][\/et_pb_row][\/et_pb_section][et_pb_section fb_built=&#8220;1&#8243; _builder_version=&#8220;4.20.4&#8243; _module_preset=&#8220;default&#8220; global_colors_info=&#8220;{}&#8220;][et_pb_row column_structure=&#8220;3_5,2_5&#8243; _builder_version=&#8220;4.20.4&#8243; _module_preset=&#8220;default&#8220; background_color=&#8220;#f9f9f4&#8243; background_image=&#8220;https:\/\/residenzale6a.it\/wp-content\/uploads\/2023\/03\/sfondo_bianco.png&#8220; background_size=&#8220;initial&#8220; background_repeat=&#8220;repeat&#8220; width=&#8220;100%&#8220; custom_padding=&#8220;20px|20px|20px|20px|true|true&#8220; global_colors_info=&#8220;{}&#8220;][et_pb_column type=&#8220;3_5&#8243; _builder_version=&#8220;4.20.4&#8243; _module_preset=&#8220;default&#8220; global_colors_info=&#8220;{}&#8220;][et_pb_image src=&#8220;https:\/\/residenzale6a.it\/wp-content\/uploads\/2023\/03\/TriesteInVespa.jpg&#8220; title_text=&#8220;TriesteInVespa&#8220; url=&#8220;\/erfahrungen\/triest-mit-vespa\/&#8220; _builder_version=&#8220;4.20.4&#8243; _module_preset=&#8220;default&#8220; global_colors_info=&#8220;{}&#8220;][\/et_pb_image][\/et_pb_column][et_pb_column type=&#8220;2_5&#8243; _builder_version=&#8220;4.20.4&#8243; _module_preset=&#8220;default&#8220; global_colors_info=&#8220;{}&#8220;][et_pb_text _builder_version=&#8220;4.20.4&#8243; _module_preset=&#8220;default&#8220; text_font=&#8220;||on||||||&#8220; global_colors_info=&#8220;{}&#8220;]<\/p>\n<h3>Triest mit Vespa<\/h3>\n<p>Triest mit dem Vespa besuchen! G\u00e4ste mit einer direkten Reservierung von mindestens 2 \u00dcbernachtungen k\u00f6nnen kostenlos unsere Vespa buchen, um Triest und seine Umgebung zu besuchen. [\/et_pb_text][et_pb_button button_url=&#8220;\/erfahrungen\/triest-mit-vespa\/&#8220; button_text=&#8220;Erfahren Sie mehr.&#8220; _builder_version=&#8220;4.20.4&#8243; _module_preset=&#8220;default&#8220; global_colors_info=&#8220;{}&#8220;][\/et_pb_button][\/et_pb_column][\/et_pb_row][\/et_pb_section]<\/p>\n","protected":false},"excerpt":{"rendered":"<p>Eine Stadt direkt an der Adria, inmitten von K\u00fcste, Himmel und Meer \u2013 ein \u201eUniversum im Kleinen\u201c, wie es vom italienischen Schriftsteller Ippolito Nievo bezeichnet wurde. Die perfekte Kulisse f\u00fcr ein romantisches Wochenende!Vielleicht mit einem Abendessen bei ged\u00e4mpftem Licht in einem kleinen Restaurant mit Blick auf den Golf von Triest, einem Spaziergang auf den Kais [&hellip;]<\/p>\n","protected":false},"author":1,"featured_media":111749,"parent":112432,"menu_order":0,"comment_status":"closed","ping_status":"closed","template":"","meta":{"_et_pb_use_builder":"on","_et_pb_old_content":"","_et_gb_content_width":"","footnotes":""},"class_list":["post-112603","page","type-page","status-publish","has-post-thumbnail","hentry"],"_links":{"self":[{"href":"https:\/\/residenzale6a.it\/de\/wp-json\/wp\/v2\/pages\/112603","targetHints":{"allow":["GET"]}}],"collection":[{"href":"https:\/\/residenzale6a.it\/de\/wp-json\/wp\/v2\/pages"}],"about":[{"href":"https:\/\/residenzale6a.it\/de\/wp-json\/wp\/v2\/types\/page"}],"author":[{"embeddable":true,"href":"https:\/\/residenzale6a.it\/de\/wp-json\/wp\/v2\/users\/1"}],"replies":[{"embeddable":true,"href":"https:\/\/residenzale6a.it\/de\/wp-json\/wp\/v2\/comments?post=112603"}],"version-history":[{"count":9,"href":"https:\/\/residenzale6a.it\/de\/wp-json\/wp\/v2\/pages\/112603\/revisions"}],"predecessor-version":[{"id":112821,"href":"https:\/\/residenzale6a.it\/de\/wp-json\/wp\/v2\/pages\/112603\/revisions\/112821"}],"up":[{"embeddable":true,"href":"https:\/\/residenzale6a.it\/de\/wp-json\/wp\/v2\/pages\/112432"}],"wp:featuredmedia":[{"embeddable":true,"href":"https:\/\/residenzale6a.it\/de\/wp-json\/wp\/v2\/media\/111749"}],"wp:attachment":[{"href":"https:\/\/residenzale6a.it\/de\/wp-json\/wp\/v2\/media?parent=112603"}],"curies":[{"name":"wp","href":"https:\/\/api.w.org\/{rel}","templated":true}]}}