{"id":113489,"date":"2023-10-10T11:50:44","date_gmt":"2023-10-10T09:50:44","guid":{"rendered":"https:\/\/residenzale6a.it\/triest\/juedisches-ghetto-von-triest\/"},"modified":"2023-11-05T18:02:30","modified_gmt":"2023-11-05T17:02:30","slug":"juedisches-ghetto-von-triest","status":"publish","type":"page","link":"https:\/\/residenzale6a.it\/de\/triest\/juedisches-ghetto-von-triest\/","title":{"rendered":"J\u00fcdisches Ghetto von Triest"},"content":{"rendered":"<p>[et_pb_section fb_built=&#8220;1&#8243; module_id=&#8220;top&#8220; _builder_version=&#8220;4.20.4&#8243; _module_preset=&#8220;default&#8220; custom_padding=&#8220;0px||||false|false&#8220; global_colors_info=&#8220;{}&#8220; theme_builder_area=&#8220;post_content&#8220;][et_pb_row column_structure=&#8220;2_5,3_5&#8243; _builder_version=&#8220;4.22.2&#8243; _module_preset=&#8220;default&#8220; width=&#8220;100%&#8220; custom_padding=&#8220;0px||||false|false&#8220; global_colors_info=&#8220;{}&#8220; theme_builder_area=&#8220;post_content&#8220;][et_pb_column type=&#8220;2_5&#8243; _builder_version=&#8220;4.20.4&#8243; _module_preset=&#8220;default&#8220; global_colors_info=&#8220;{}&#8220; theme_builder_area=&#8220;post_content&#8220;][et_pb_post_title title=&#8220;off&#8220; meta=&#8220;off&#8220; _builder_version=&#8220;4.20.4&#8243; _module_preset=&#8220;default&#8220; global_colors_info=&#8220;{}&#8220; theme_builder_area=&#8220;post_content&#8220;][\/et_pb_post_title][et_pb_text admin_label=&#8220;Riassunto&#8220; _builder_version=&#8220;4.22.2&#8243; _dynamic_attributes=&#8220;content&#8220; _module_preset=&#8220;default&#8220; text_font=&#8220;||on||||||&#8220; global_colors_info=&#8220;{}&#8220; theme_builder_area=&#8220;post_content&#8220;]@ET-DC@eyJkeW5hbWljIjp0cnVlLCJjb250ZW50IjoicG9zdF9leGNlcnB0Iiwic2V0dGluZ3MiOnsiYmVmb3JlIjoiIiwiYWZ0ZXIiOiIiLCJ3b3JkcyI6IiIsInJlYWRfbW9yZV9sYWJlbCI6IiJ9fQ==@[\/et_pb_text][\/et_pb_column][et_pb_column type=&#8220;3_5&#8243; _builder_version=&#8220;4.20.4&#8243; _module_preset=&#8220;default&#8220; global_colors_info=&#8220;{}&#8220; theme_builder_area=&#8220;post_content&#8220;][et_pb_text _builder_version=&#8220;4.22.2&#8243; _module_preset=&#8220;default&#8220; global_colors_info=&#8220;{}&#8220; theme_builder_area=&#8220;post_content&#8220;]<\/p>\n<p>Das <b>j\u00fcdische Ghetto<\/b> ist ein Netz von kleinen Stra\u00dfen, die heute von Secondhand-Buchl\u00e4den, Antiquit\u00e4tenh\u00e4ndlern und trendigen Lokalen gepr\u00e4gt sind. Es befindet sich direkt hinter der Piazza Unit\u00e0 und zeugt von der wichtigen Rolle, die die j\u00fcdische Gemeinde in der Geschichte von Triest gespielt hat. Einst <b>wimmelte es dort von lebhaftem Stimmgewirr und den bunten Farben verschiedenster Marktst\u00e4nde<\/b>, sodass sich in Triest der Ausdruck \u201e<em>gheto<\/em>\u201c als Synonym f\u00fcr Trubel, L\u00e4rm, Durcheinander eingeb\u00fcrgert hat.<\/p>\n<p>Das Ghetto wurde 1693 in der N\u00e4he der Citt\u00e0 Vecchia eingerichtet. Nach lang anhaltenden Protesten der damals 11 j\u00fcdischen Familien, die es als unzumutbar ansahen, so weit von ihren Gesch\u00e4ften entfernt angesiedelt zu werden, wurde das Ghetto schlie\u00dflich in Riborgo \u2013 genau im Bereich der Piazza Unit\u00e0 \u2013 eingerichtet, nicht zuletzt um die n\u00e4chtliche Bewachung der Gesch\u00e4fte zu gew\u00e4hrleisten, mit denen sich die aschkenasischen j\u00fcdischen Familien seit gut zwei Jahrhunderten niedergelassen hatten. 1784 \u00f6ffneten sich dank der Toleranzpatente von Kaiser Joseph II. die Tore des Triester Ghettos, denn sie r\u00e4umten der j\u00fcdischen Gemeinschaft von Triest gr\u00f6\u00dfere Freiheiten als anderen ein. 1785 wurde das Ghetto aufgel\u00f6st.<\/p>\n<p>Schlie\u00dflich war die <b>j\u00fcdische Gemeinde ein wesentlicher Bestandteil der merkantilistischen Politik des Habsburgerreiches<\/b>, im Zuge derer Triest 1719 zum Freihafen wurde. In der Tat spielte die j\u00fcdische Bev\u00f6lkerung im 19. Jahrhundert eine bedeutende Rolle im wirtschaftlichen Leben der Stadt. Hier nur ein paar Beispiele: Giuseppe Lazzaro Morpurgo gr\u00fcndete Assicurazioni Generali, Elio Morpurgo \u2013 Direktor und Pr\u00e4sident des Unternehmens Lloyd Austriaco \u2013 vertrat die Handelskammer von Triest bei der Er\u00f6ffnung des Suezkanals und Teodoro Mayer gr\u00fcndete die Tageszeitung Il Piccolo.<br \/>Vom Ghetto, in dem sich nicht weniger als <b>drei Synagogen<\/b> befanden, ist heute nur noch ein kleiner Teil zu sehen. Ein Gro\u00dfteil des Ghettos wurde in den 1930er Jahren aufgel\u00f6st. Benito Mussolini erlie\u00df im September 1938 in Triest die Rassengesetze, die den vollst\u00e4ndigen Ausschluss der j\u00fcdischen B\u00fcrger aus der Zivilgesellschaft vorsahen. Heute erinnert eine Gedenktafel auf der Piazza Unit\u00e0 am Brunnen der vier Kontinente an das Geschehene.<\/p>\n<p>[\/et_pb_text][\/et_pb_column][\/et_pb_row][et_pb_row column_structure=&#8220;2_5,3_5&#8243; _builder_version=&#8220;4.22.2&#8243; _module_preset=&#8220;default&#8220; width=&#8220;100%&#8220; global_colors_info=&#8220;{}&#8220; theme_builder_area=&#8220;post_content&#8220;][et_pb_column type=&#8220;2_5&#8243; _builder_version=&#8220;4.20.4&#8243; _module_preset=&#8220;default&#8220; global_colors_info=&#8220;{}&#8220; theme_builder_area=&#8220;post_content&#8220;][et_pb_image src=&#8220;https:\/\/residenzale6a.it\/wp-content\/uploads\/2023\/10\/AdobeStock_54333533.jpg&#8220; alt=&#8220;Synagoge von Triest&#8220; title_text=&#8220;Synagoge von Triest&#8220; admin_label=&#8220;Sinagoga&#8220; _builder_version=&#8220;4.22.2&#8243; _module_preset=&#8220;default&#8220; global_colors_info=&#8220;{}&#8220; theme_builder_area=&#8220;post_content&#8220;][\/et_pb_image][\/et_pb_column][et_pb_column type=&#8220;3_5&#8243; _builder_version=&#8220;4.20.4&#8243; _module_preset=&#8220;default&#8220; global_colors_info=&#8220;{}&#8220; theme_builder_area=&#8220;post_content&#8220;][et_pb_text _builder_version=&#8220;4.22.2&#8243; _module_preset=&#8220;default&#8220; global_colors_info=&#8220;{}&#8220; theme_builder_area=&#8220;post_content&#8220;]<\/p>\n<h3>J\u00fcdische Spazierg\u00e4nge: nicht nur das Ghetto<\/h3>\n<p>Die <b>Geschichte der j\u00fcdischen Gemeinde von Triest ist eng mit der Geschichte der Stadt verbunden<\/b>, und es gibt viele Orte zu besichtigen, die uns auf die Spuren des j\u00fcdischen Triest f\u00fchren, allen voran der Israelitische Tempel.<\/p>\n<p>Er wurde von Ruggero und Arduino Berlam entworfen und von Piero Lucano verziert und ist die einzige verbliebene der einstigen vier Synagogen. 1912 eingeweiht, ist er mit seinem schlichten syrischen Stil und dem zweist\u00f6ckigen Laubengang an einer Seite <b>eine der interessantesten Synagogen Europas<\/b>. Alle aktuellen Informationen zur Besichtigung finden Sie auf der <a href=\"https:\/\/www.triestebraica.it\/\" target=\"_blank\" rel=\"noopener\">Webseite der j\u00fcdischen Gemeinde<\/a>.<\/p>\n<p>Unbedingt einen Besuch wert ist auch das <a href=\"https:\/\/www.museoebraicotrieste.it\/\" target=\"_blank\" rel=\"noopener\">Museum \u201eCarlo und Vera Wagner\u201c<\/a>. Hier erfahren Sie mehr \u00fcber die Geschichte und das soziale Leben der Juden in Triest, dem wichtigsten Hafen an der Nordadria f\u00fcr alle, die nach Israel auswanderten.<\/p>\n<p>&#8222;Zwei weitere Ziele, deren Besichtigung wir empfehlen, sind die Risiera di San Sabba und der j\u00fcdische Friedhof.[\/et_pb_text][\/et_pb_column][\/et_pb_row][et_pb_row column_structure=&#8220;3_5,2_5&#8243; _builder_version=&#8220;4.22.2&#8243; _module_preset=&#8220;default&#8220; width=&#8220;100%&#8220; global_colors_info=&#8220;{}&#8220; theme_builder_area=&#8220;post_content&#8220;][et_pb_column type=&#8220;3_5&#8243; _builder_version=&#8220;4.20.4&#8243; _module_preset=&#8220;default&#8220; global_colors_info=&#8220;{}&#8220; theme_builder_area=&#8220;post_content&#8220;][et_pb_text admin_label=&#8220;Testo Risiera&#8220; _builder_version=&#8220;4.22.2&#8243; _module_preset=&#8220;default&#8220; global_colors_info=&#8220;{}&#8220; theme_builder_area=&#8220;post_content&#8220;]<\/p>\n<p>Die <b>Risiera di San Sabba, das einzige Vernichtungslager in Italien<\/b>, wurde Ende Oktober 1943 <b>in ein Internierungslager der Polizei umgewandelt,<\/b> um die nach <b>Deutschland und Polen Deportierten zu sortieren,<\/b> Beutegut zu lagern und <b>Geiseln, Partisanen, politische Gefangene und Juden festzuhalten und zu vernichten.<\/b>. Im Jahr 1944 wurde ein Krematorium in Betrieb genommen, dem Tausende von Menschen zum Opfer fielen; weitaus gr\u00f6\u00dfer noch war die Zahl der H\u00e4ftlinge und Juden, die man in der Risiera sammelte, bevor sie in die Lager des Dritten Reiches abtransportiert wurden. Die Risiera blieb w\u00e4hrend der achtzehnmonatigen Besetzung durch die Nazis aktiv. Die Risiera di San Sabba wurde 1965 <b>zum Nationaldenkmal erkl\u00e4rt.<\/b> Im Jahr 1975 wurde sie restauriert und beherbergt seit 2016 das <a href=\"https:\/\/risierasansabba.it\/risiera-di-san-sabba\/\" target=\"_blank\" rel=\"noopener\">Stadtmuseum<\/a>, in dem man die R\u00e4ume, in denen die Gefangenen untergebracht waren, sowie die Einzelhaft-, Folter- und Todeszellen besichtigen kann. Au\u00dferdem sind Dokumente und pers\u00f6nliche Gegenst\u00e4nde der Gefangenen ausgestellt.<\/p>\n<p>Ebenfalls au\u00dferhalb des Stadtzentrums liegt der j\u00fcdische Friedhof. Mit seinen Gr\u00e4bern mit hebr\u00e4ischer Inschrift an der Seite von lateinischen, tschechischen, russischen, deutschen, franz\u00f6sischen, englischen, ungarischen, samaritanischen und ladinischen Grabsteinen ist er ein weiteres Zeugnis f\u00fcr die multiethnische Seele Triests. Bei einem Spaziergang \u00fcber den Friedhof st\u00f6\u00dft man auch auf die Familiengr\u00e4ber der Familien Morpurgo und Stock.<\/p>\n<p>[\/et_pb_text][\/et_pb_column][et_pb_column type=&#8220;2_5&#8243; _builder_version=&#8220;4.20.4&#8243; _module_preset=&#8220;default&#8220; global_colors_info=&#8220;{}&#8220; theme_builder_area=&#8220;post_content&#8220;][et_pb_image src=&#8220;https:\/\/residenzale6a.it\/wp-content\/uploads\/2023\/10\/AdobeStock_225674481.jpg&#8220; alt=&#8220;Risiera di San Sabba, Triest, Italien&#8220; title_text=&#8220;Risiera di San Sabba, Triest, Italien&#8220; admin_label=&#8220;Risiera di  San Sabba&#8220; _builder_version=&#8220;4.22.2&#8243; _module_preset=&#8220;default&#8220; global_colors_info=&#8220;{}&#8220; theme_builder_area=&#8220;post_content&#8220;][\/et_pb_image][\/et_pb_column][\/et_pb_row][et_pb_row _builder_version=&#8220;4.22.2&#8243; _module_preset=&#8220;default&#8220; width=&#8220;100%&#8220; global_colors_info=&#8220;{}&#8220; theme_builder_area=&#8220;post_content&#8220;][et_pb_column type=&#8220;4_4&#8243; _builder_version=&#8220;4.20.4&#8243; _module_preset=&#8220;default&#8220; global_colors_info=&#8220;{}&#8220; theme_builder_area=&#8220;post_content&#8220;][et_pb_text admin_label=&#8220;Testo intellettuali&#8220; _builder_version=&#8220;4.22.2&#8243; _module_preset=&#8220;default&#8220; global_colors_info=&#8220;{}&#8220; theme_builder_area=&#8220;post_content&#8220;]<\/p>\n<h3>Intellektuelle und K\u00fcnstler der j\u00fcdischen Gemeinde<\/h3>\n<p>Triest beherbergte zahlreiche Intellektuelle und K\u00fcnstler j\u00fcdischer Abstammung, die wichtige Spuren im Ged\u00e4chtnis der Stadt hinterlassen und deren au\u00dfergew\u00f6hnliches kulturelles und k\u00fcnstlerisches Erbe bereichert haben. In der antiquarischen Buchhandlung Umberto Saba kann man noch heute dem Genie des Dichters nachsp\u00fcren. Im Museum Revoltella sind Werke von Gino Parin, Arturo Nathan, Arturo Rietti, Vittorio Bolaffio, Giorgio Settala und Isidoro Gr\u00fcnhut ausgestellt. Italo Svevo ist ein eigenes Museum gewidmet und im Caf\u00e9 San Marco kann man die R\u00e4ume besichtigen, in denen Giorgio Voghera verkehrte.[\/et_pb_text][\/et_pb_column][\/et_pb_row][\/et_pb_section][et_pb_section fb_built=&#8220;1&#8243; disabled_on=&#8220;on|on|on&#8220; _builder_version=&#8220;4.22.2&#8243; _module_preset=&#8220;default&#8220; disabled=&#8220;on&#8220; global_colors_info=&#8220;{}&#8220; theme_builder_area=&#8220;post_content&#8220;][et_pb_row column_structure=&#8220;3_5,2_5&#8243; _builder_version=&#8220;4.22.2&#8243; _module_preset=&#8220;default&#8220; width=&#8220;100%&#8220; global_colors_info=&#8220;{}&#8220; theme_builder_area=&#8220;post_content&#8220;][et_pb_column type=&#8220;3_5&#8243; _builder_version=&#8220;4.22.2&#8243; _module_preset=&#8220;default&#8220; background_color=&#8220;#f9f9f4&#8243; background_image=&#8220;https:\/\/residenzale6a.it\/wp-content\/uploads\/2023\/03\/sfondo_bianco.png&#8220; background_size=&#8220;initial&#8220; background_repeat=&#8220;repeat&#8220; custom_padding=&#8220;20px|20px|20px|20px|false|false&#8220; global_colors_info=&#8220;{}&#8220; theme_builder_area=&#8220;post_content&#8220;][et_pb_code _builder_version=&#8220;4.21.0&#8243; _module_preset=&#8220;default&#8220; global_colors_info=&#8220;{}&#8220; theme_builder_area=&#8220;post_content&#8220;]<iframe loading=\"lazy\" width=\"560\" height=\"315\" src=\"https:\/\/www.youtube.com\/embed\/P6eVhmAlQAw\" title=\"YouTube video player\" frameborder=\"0\" allow=\"accelerometer; autoplay; clipboard-write; encrypted-media; gyroscope; picture-in-picture; web-share\" allowfullscreen=\"\"><\/iframe>[\/et_pb_code][et_pb_text _builder_version=&#8220;4.20.4&#8243; _module_preset=&#8220;default&#8220; text_font_size=&#8220;14px&#8220; global_colors_info=&#8220;{}&#8220; theme_builder_area=&#8220;post_content&#8220;]To see the video you need experience enhancement cookies<br \/>\n<a href=\"#\" class=\"iubenda-cs-preferences-link\">Ihre Einwilligungseinstellungen<\/a>[\/et_pb_text][\/et_pb_column][et_pb_column type=&#8220;2_5&#8243; _builder_version=&#8220;4.20.4&#8243; _module_preset=&#8220;default&#8220; global_colors_info=&#8220;{}&#8220; theme_builder_area=&#8220;post_content&#8220;][et_pb_text _builder_version=&#8220;4.22.2&#8243; _module_preset=&#8220;default&#8220; text_font=&#8220;||on||||||&#8220; global_colors_info=&#8220;{}&#8220; theme_builder_area=&#8220;post_content&#8220;]Die Residenza Le 6A l\u00e4dt Sie zu einem &#8222;capo in B&#8220; oder &#8222;und nero&#8220; im Caff\u00e8 San Marco ein! G\u00e4ste, die direkt bei uns mindestens 2 \u00dcbernachtungen buchen, erhalten einen Gutschein f\u00fcr einen am Tisch servierten Kaffee an diesem historischen Ort der Stadt.[\/et_pb_text][et_pb_button button_url=&#8220;https:\/\/book.octorate.com\/octobook\/site\/reservation\/index.xhtml;octobooksessionid=844b2fed64e1e1c5c35127fd6099?codice=263621&#8243; url_new_window=&#8220;on&#8220; button_text=&#8220;reservierung&#8220; _builder_version=&#8220;4.22.2&#8243; _module_preset=&#8220;default&#8220; custom_button=&#8220;on&#8220; button_bg_color=&#8220;#a81e1e&#8220; button_border_width=&#8220;0px&#8220; button_border_radius=&#8220;50px&#8220; global_module=&#8220;110982&#8243; saved_tabs=&#8220;all&#8220; global_colors_info=&#8220;{}&#8220; button_bg_color__hover_enabled=&#8220;on|hover&#8220; button_bg_color__hover=&#8220;#e34a00&#8243; button_bg_enable_color__hover=&#8220;on&#8220; theme_builder_area=&#8220;post_content&#8220;][\/et_pb_button][\/et_pb_column][\/et_pb_row][\/et_pb_section][et_pb_section fb_built=&#8220;1&#8243; _builder_version=&#8220;4.22.2&#8243; _module_preset=&#8220;default&#8220; global_colors_info=&#8220;{}&#8220; theme_builder_area=&#8220;post_content&#8220;][et_pb_row column_structure=&#8220;2_5,3_5&#8243; _builder_version=&#8220;4.22.2&#8243; _module_preset=&#8220;default&#8220; background_color=&#8220;#f9f9f4&#8243; background_enable_image=&#8220;off&#8220; background_size=&#8220;initial&#8220; background_repeat=&#8220;repeat&#8220; width=&#8220;100%&#8220; global_colors_info=&#8220;{}&#8220; theme_builder_area=&#8220;post_content&#8220;][et_pb_column type=&#8220;2_5&#8243; _builder_version=&#8220;4.22.2&#8243; _module_preset=&#8220;default&#8220; custom_padding=&#8220;20px|20px|20px|20px|false|false&#8220; global_colors_info=&#8220;{}&#8220; theme_builder_area=&#8220;post_content&#8220;][et_pb_image src=&#8220;https:\/\/residenzale6a.it\/wp-content\/uploads\/2023\/10\/AdobeStock_Sinagoga-Esperienze.jpg&#8220; alt=&#8220;Rosettenfenster der Synagoge von Triest&#8220; title_text=&#8220;Rosettenfenster der Synagoge von Triest&#8220; url=&#8220;https:\/\/residenzale6a.it\/de\/route-durch-das-juedische-triest\/&#8220; _builder_version=&#8220;4.23&#8243; _module_preset=&#8220;default&#8220; hover_enabled=&#8220;0&#8243; global_colors_info=&#8220;{}&#8220; theme_builder_area=&#8220;post_content&#8220; sticky_enabled=&#8220;0&#8243;][\/et_pb_image][\/et_pb_column][et_pb_column type=&#8220;3_5&#8243; _builder_version=&#8220;4.22.2&#8243; _module_preset=&#8220;default&#8220; custom_padding=&#8220;20px|20px|20px|20px|false|false&#8220; global_colors_info=&#8220;{}&#8220; theme_builder_area=&#8220;post_content&#8220;][et_pb_text _builder_version=&#8220;4.22.2&#8243; _module_preset=&#8220;default&#8220; text_font=&#8220;||on||||||&#8220; header_3_line_height=&#8220;1.5em&#8220; global_colors_info=&#8220;{}&#8220; theme_builder_area=&#8220;post_content&#8220;]<\/p>\n<h3>Unternehmen Sie eine \u201eTrieste Ebraica\u201c Tour mit unserem Audioguide<\/h3>\n<p>Die Residenza le 6A bietet ihren G\u00e4sten die M\u00f6glichkeit zu einer Reihe von Unternehmungen. Dazu geh\u00f6rt auch <b>ein umfassender Rundgang, bei dem Sie das j\u00fcdische Triest selbst\u00e4ndig und vollkommen unabh\u00e4ngig besichtigen k\u00f6nnen<\/b>. Wenn Sie sich hierf\u00fcr entscheiden, bieten wir Ihnen eine <b>F\u00fchrung mit Audioguide<\/b> an, aber das ist noch nicht alles: Sie erfahren mehr \u00fcber die <b>Geschichte<\/b> der j\u00fcdischen <b>Gemeinde<\/b>, wir machen Sie mit deren <b>Festlichkeiten<\/b> und <b>kulinarischen Traditionen<\/b> vertraut und schlie\u00dflich entdecken Sie <b>neue Facetten ber\u00fchmter Pers\u00f6nlichkeiten<\/b> wie Italo Svevo, Giorgio Voghera und Fiorello La Guardia.<\/p>\n<p>[\/et_pb_text][et_pb_button button_url=&#8220;https:\/\/residenzale6a.it\/de\/route-durch-das-juedische-triest\/&#8220; button_text=&#8220;Erfahren Sie mehr&#8220; _builder_version=&#8220;4.23&#8243; _module_preset=&#8220;default&#8220; hover_enabled=&#8220;0&#8243; global_colors_info=&#8220;{}&#8220; theme_builder_area=&#8220;post_content&#8220; sticky_enabled=&#8220;0&#8243;][\/et_pb_button][\/et_pb_column][\/et_pb_row][et_pb_row column_structure=&#8220;2_5,3_5&#8243; make_equal=&#8220;on&#8220; _builder_version=&#8220;4.22.2&#8243; _module_preset=&#8220;default&#8220; width=&#8220;100%&#8220; global_colors_info=&#8220;{}&#8220; theme_builder_area=&#8220;post_content&#8220;][et_pb_column type=&#8220;2_5&#8243; _builder_version=&#8220;4.22.2&#8243; _module_preset=&#8220;default&#8220; background_color=&#8220;#f9f9f4&#8243; background_image=&#8220;https:\/\/residenzale6a.it\/wp-content\/uploads\/2023\/03\/sfondo_bianco.png&#8220; background_size=&#8220;initial&#8220; background_repeat=&#8220;repeat&#8220; custom_padding=&#8220;20px|20px|20px|20px|false|false&#8220; global_colors_info=&#8220;{}&#8220; theme_builder_area=&#8220;post_content&#8220;][et_pb_text admin_label=&#8220;guida professionista&#8220; _builder_version=&#8220;4.22.2&#8243; _module_preset=&#8220;default&#8220; text_font=&#8220;||on||||||&#8220; header_3_line_height=&#8220;1.5em&#8220; global_colors_info=&#8220;{}&#8220; theme_builder_area=&#8220;post_content&#8220;]<\/p>\n<h3>Unternehmen Sie einen \u201eTrieste Ebraica\u201c Spaziergang mit einem professionellen Reiseleiter<\/h3>\n<p>Wenn Sie sich noch mehr Informationen w\u00fcnschen, k\u00f6nnen wir f\u00fcr Sie eine <b>Stadtf\u00fchrung mit einem professionellen, auf j\u00fcdische Geschichte spezialisierten Reiseleiter<\/b> organisieren, der Sie durch das Ghetto und zu vielen anderen Orten f\u00fchrt.<\/p>\n<p>Wegen weiterer Informationen schreiben Sie uns bitte an <a href=\"mailto:info@residenzale6a.it\">info@residenzale6a.it<\/a><\/p>\n<p>[\/et_pb_text][\/et_pb_column][et_pb_column type=&#8220;3_5&#8243; _builder_version=&#8220;4.22.2&#8243; _module_preset=&#8220;default&#8220; background_color=&#8220;#f9f9f4&#8243; background_enable_image=&#8220;off&#8220; background_size=&#8220;initial&#8220; background_repeat=&#8220;repeat&#8220; custom_padding=&#8220;20px|20px|20px|20px|false|false&#8220; global_colors_info=&#8220;{}&#8220; theme_builder_area=&#8220;post_content&#8220;][et_pb_image src=&#8220;https:\/\/residenzale6a.it\/wp-content\/uploads\/2023\/10\/AdobeStock_357648432.jpg&#8220; alt=&#8220;Sind Sie j\u00fcdischen Glaubens?&#8220; title_text=&#8220;Sind Sie j\u00fcdischen Glaubens?&#8220; _builder_version=&#8220;4.22.2&#8243; _module_preset=&#8220;default&#8220; global_colors_info=&#8220;{}&#8220; theme_builder_area=&#8220;post_content&#8220;][\/et_pb_image][et_pb_text admin_label=&#8220;Sei di fede ebraica?&#8220; _builder_version=&#8220;4.22.2&#8243; _module_preset=&#8220;default&#8220; text_font=&#8220;||on||||||&#8220; global_colors_info=&#8220;{}&#8220; theme_builder_area=&#8220;post_content&#8220;]<\/p>\n<h3>Sind Sie j\u00fcdischen Glaubens?<\/h3>\n<p>Die Residenza Le 6A ist auch auf G\u00e4ste mit besonderen Bed\u00fcrfnissen eingerichtet: Auf Anfrage erhalten Sie ein <b><em>koscheres<\/em> Fr\u00fchst\u00fcck<\/b> und wenn Sie eines der Apartments von Settima A w\u00e4hlen, k\u00f6nnen wir Ihre <b>Kochecke mit den Lebensmitteln ausstatten<\/b>, die Sie zur Zubereitung einer schnellen <em>koscheren<\/em> Mahlzeit ben\u00f6tigen. Wenn Sie den <em>Schabbat<\/em> einhalten m\u00f6chten, geben wir Ihnen die Schl\u00fcssel zum Haus und stellen die Beleuchtung des Zimmers entsprechend ein.<\/p>\n<p>Wegen weiterer Informationen schreiben Sie uns bitte an <a href=\"mailto:info@residenzale6a.it\">info@residenzale6a.it<\/a>[\/et_pb_text][\/et_pb_column][\/et_pb_row][\/et_pb_section]<\/p>\n","protected":false},"excerpt":{"rendered":"<p>Als historischer Schmelztiegel der Kulturen und des Handels weist Triest zahlreiche Spuren der einst bedeutendsten j\u00fcdischen Gemeinde Ostitaliens auf.<\/p>\n","protected":false},"author":1,"featured_media":113349,"parent":112432,"menu_order":0,"comment_status":"closed","ping_status":"closed","template":"","meta":{"_et_pb_use_builder":"on","_et_pb_old_content":"","_et_gb_content_width":"","footnotes":""},"class_list":["post-113489","page","type-page","status-publish","has-post-thumbnail","hentry"],"_links":{"self":[{"href":"https:\/\/residenzale6a.it\/de\/wp-json\/wp\/v2\/pages\/113489","targetHints":{"allow":["GET"]}}],"collection":[{"href":"https:\/\/residenzale6a.it\/de\/wp-json\/wp\/v2\/pages"}],"about":[{"href":"https:\/\/residenzale6a.it\/de\/wp-json\/wp\/v2\/types\/page"}],"author":[{"embeddable":true,"href":"https:\/\/residenzale6a.it\/de\/wp-json\/wp\/v2\/users\/1"}],"replies":[{"embeddable":true,"href":"https:\/\/residenzale6a.it\/de\/wp-json\/wp\/v2\/comments?post=113489"}],"version-history":[{"count":8,"href":"https:\/\/residenzale6a.it\/de\/wp-json\/wp\/v2\/pages\/113489\/revisions"}],"predecessor-version":[{"id":113513,"href":"https:\/\/residenzale6a.it\/de\/wp-json\/wp\/v2\/pages\/113489\/revisions\/113513"}],"up":[{"embeddable":true,"href":"https:\/\/residenzale6a.it\/de\/wp-json\/wp\/v2\/pages\/112432"}],"wp:featuredmedia":[{"embeddable":true,"href":"https:\/\/residenzale6a.it\/de\/wp-json\/wp\/v2\/media\/113349"}],"wp:attachment":[{"href":"https:\/\/residenzale6a.it\/de\/wp-json\/wp\/v2\/media?parent=113489"}],"curies":[{"name":"wp","href":"https:\/\/api.w.org\/{rel}","templated":true}]}}